{"id":30,"date":"2013-10-13T11:28:53","date_gmt":"2013-10-13T11:28:53","guid":{"rendered":"http:\/\/holobest.com\/stylish\/?page_id=30"},"modified":"2024-07-01T16:55:39","modified_gmt":"2024-07-01T16:55:39","slug":"contato","status":"publish","type":"page","link":"https:\/\/microagenciadigital.com.br\/sx\/contato\/","title":{"rendered":"Contato"},"content":{"rendered":"<h1>Quer saber mais?<\/h1>\n<div class=\"one_half\">\n<div class=\"wpcf7 no-js\" id=\"wpcf7-f1524-o1\" lang=\"pt-BR\" dir=\"ltr\">\n<div class=\"screen-reader-response\"><p role=\"status\" aria-live=\"polite\" aria-atomic=\"true\"><\/p> <ul><\/ul><\/div>\n<form action=\"\/sx\/wp-json\/wp\/v2\/pages\/30#wpcf7-f1524-o1\" method=\"post\" class=\"wpcf7-form init\" aria-label=\"Formul\u00e1rios de contato\" novalidate=\"novalidate\" data-status=\"init\">\n<div style=\"display: none;\">\n<input type=\"hidden\" name=\"_wpcf7\" value=\"1524\" \/>\n<input type=\"hidden\" name=\"_wpcf7_version\" value=\"5.9.6\" \/>\n<input type=\"hidden\" name=\"_wpcf7_locale\" value=\"pt_BR\" \/>\n<input type=\"hidden\" name=\"_wpcf7_unit_tag\" value=\"wpcf7-f1524-o1\" \/>\n<input type=\"hidden\" name=\"_wpcf7_container_post\" value=\"0\" \/>\n<input type=\"hidden\" name=\"_wpcf7_posted_data_hash\" value=\"\" \/>\n<\/div>\n<p>Seu nome (obrigat\u00f3rio)<br \/>\n<span class=\"wpcf7-form-control-wrap\" data-name=\"your-name\"><input size=\"40\" maxlength=\"80\" class=\"wpcf7-form-control wpcf7-text wpcf7-validates-as-required\" aria-required=\"true\" aria-invalid=\"false\" value=\"\" type=\"text\" name=\"your-name\" \/><\/span>\n<\/p>\n<p>Seu e-mail (obrigat\u00f3rio)<br \/>\n<span class=\"wpcf7-form-control-wrap\" data-name=\"your-email\"><input size=\"40\" maxlength=\"80\" class=\"wpcf7-form-control wpcf7-email wpcf7-validates-as-required wpcf7-text wpcf7-validates-as-email\" aria-required=\"true\" aria-invalid=\"false\" value=\"\" type=\"email\" name=\"your-email\" \/><\/span>\n<\/p>\n<p>Seu telefone (obrigat\u00f3rio)<br \/>\n<span class=\"wpcf7-form-control-wrap\" data-name=\"tel-392\"><input size=\"40\" maxlength=\"15\" class=\"wpcf7-form-control wpcf7-tel wpcf7-validates-as-required wpcf7-text wpcf7-validates-as-tel\" aria-required=\"true\" aria-invalid=\"false\" value=\"(00)00000-0000\" type=\"tel\" name=\"tel-392\" \/><\/span>\n<\/p>\n<p>Servi\u00e7o desejado (obrigat\u00f3rio)<br \/>\n<span class=\"wpcf7-form-control-wrap\" data-name=\"Serviodesejado\"><span class=\"wpcf7-form-control wpcf7-checkbox wpcf7-validates-as-required\"><span class=\"wpcf7-list-item first\"><label><input type=\"checkbox\" name=\"Serviodesejado[]\" value=\"Somente Logotipo\" \/><span class=\"wpcf7-list-item-label\">Somente Logotipo<\/span><\/label><\/span><span class=\"wpcf7-list-item\"><label><input type=\"checkbox\" name=\"Serviodesejado[]\" value=\"Kit Identidade Visual\" \/><span class=\"wpcf7-list-item-label\">Kit Identidade Visual<\/span><\/label><\/span><span class=\"wpcf7-list-item\"><label><input type=\"checkbox\" name=\"Serviodesejado[]\" value=\"Website\" \/><span class=\"wpcf7-list-item-label\">Website<\/span><\/label><\/span><span class=\"wpcf7-list-item last\"><label><input type=\"checkbox\" name=\"Serviodesejado[]\" value=\"Google Adwords\" \/><span class=\"wpcf7-list-item-label\">Google Adwords<\/span><\/label><\/span><\/span><\/span>\n<\/p>\n<p>C\u00f3digo promocional (se houver):<br \/>\n<span class=\"wpcf7-form-control-wrap\" data-name=\"cupom\"><input size=\"12\" maxlength=\"12\" class=\"wpcf7-form-control wpcf7-text\" id=\"cupom\" aria-invalid=\"false\" value=\"\" type=\"text\" name=\"cupom\" \/><\/span>\n<\/p>\n<p>Sua mensagem<br \/>\n<span class=\"wpcf7-form-control-wrap\" data-name=\"your-message\"><textarea cols=\"40\" rows=\"10\" maxlength=\"400\" class=\"wpcf7-form-control wpcf7-textarea\" aria-invalid=\"false\" name=\"your-message\"><\/textarea><\/span>\n<\/p>\n<p><input class=\"wpcf7-form-control wpcf7-submit has-spinner\" type=\"submit\" value=\"Solicitar atendimento\" \/>\n<\/p><div class=\"wpcf7-response-output\" aria-hidden=\"true\"><\/div>\n<\/form>\n<\/div>\n<\/div>\n<div class=\"one_half column-last\"><a href=\"http:\/\/microagenciadigital.com.br\/sx\/wp-content\/uploads\/2013\/10\/contato.jpg\"><img loading=\"lazy\" decoding=\"async\" class=\" wp-image-1903 size-full aligncenter\" src=\"http:\/\/microagenciadigital.com.br\/sx\/wp-content\/uploads\/2013\/10\/contato.jpg\" alt=\"\" width=\"450\" height=\"300\" srcset=\"https:\/\/microagenciadigital.com.br\/sx\/wp-content\/uploads\/2013\/10\/contato.jpg 450w, https:\/\/microagenciadigital.com.br\/sx\/wp-content\/uploads\/2013\/10\/contato-300x200.jpg 300w\" sizes=\"(max-width: 450px) 100vw, 450px\" \/><\/a><\/p>\n<p>&nbsp;<\/p>\n<h3>Atendimento<\/h3>\n<p style=\"text-align: justify;\">Em d\u00favida sobre por onde come\u00e7ar?\u00a0Quer orienta\u00e7\u00e3o para definir o melhor pacote para sua empresa?\u00a0N\u00e3o hesite, entre em contato com nossa equipe.<\/p>\n<p style=\"text-align: justify;\"><strong>Telefone:<\/strong><\/p>\n<p>(021) 97209-3557 (WhatsApp)<\/p>\n<p style=\"text-align: justify;\"><strong>Hor\u00e1rio comercial:<\/strong><\/p>\n<p>De segunda a sexta-feira, das 9h30 \u00e0s 17h30. <\/div><div class=\"clear\"><\/div>\n","protected":false},"excerpt":{"rendered":"<p>Quer saber mais?<\/p>\n","protected":false},"author":1,"featured_media":0,"parent":0,"menu_order":0,"comment_status":"closed","ping_status":"closed","template":"page-templates\/contact.php","meta":{"footnotes":""},"yoast_head":"<!-- This site is optimized with the Yoast SEO plugin v23.0 - https:\/\/yoast.com\/wordpress\/plugins\/seo\/ -->\n<title>Marketing Digital para Microempresas :: Cria\u00e7\u00e3o de websites, Dicas de Marketing e Empreendedorismo<\/title>\n<meta name=\"description\" content=\"Marketing digital para micro e pequenas empresas. Webdesign, cria\u00e7\u00e3o de websites e logotipos, an\u00fancios no Google Adwords por profissionais certificados. Profissionalismo com pre\u00e7os acess\u00edveis. Micro franquias. Microagencia Digital Studio Xpress. Seja um representante.\" \/>\n<meta name=\"robots\" content=\"index, follow, max-snippet:-1, max-image-preview:large, max-video-preview:-1\" \/>\n<link rel=\"canonical\" href=\"https:\/\/microagenciadigital.com.br\/sx\/contato\/\" \/>\n<meta property=\"og:locale\" content=\"pt_BR\" \/>\n<meta property=\"og:type\" content=\"article\" \/>\n<meta property=\"og:title\" content=\"Marketing Digital para Microempresas :: Cria\u00e7\u00e3o de websites, Dicas de Marketing e Empreendedorismo\" \/>\n<meta property=\"og:description\" content=\"Marketing digital para micro e pequenas empresas. Webdesign, cria\u00e7\u00e3o de websites e logotipos, an\u00fancios no Google Adwords por profissionais certificados. Profissionalismo com pre\u00e7os acess\u00edveis. Micro franquias. Microagencia Digital Studio Xpress. Seja um representante.\" \/>\n<meta property=\"og:url\" content=\"https:\/\/microagenciadigital.com.br\/sx\/contato\/\" \/>\n<meta property=\"og:site_name\" content=\"Microagencia Digital SX\" \/>\n<meta property=\"article:modified_time\" content=\"2024-07-01T16:55:39+00:00\" \/>\n<meta property=\"og:image\" content=\"http:\/\/microagenciadigital.com.br\/sx\/wp-content\/uploads\/2013\/10\/contato.jpg\" \/>\n<script type=\"application\/ld+json\" class=\"yoast-schema-graph\">{\"@context\":\"https:\/\/schema.org\",\"@graph\":[{\"@type\":\"WebPage\",\"@id\":\"https:\/\/microagenciadigital.com.br\/sx\/contato\/\",\"url\":\"https:\/\/microagenciadigital.com.br\/sx\/contato\/\",\"name\":\"Marketing Digital para Microempresas :: Cria\u00e7\u00e3o de websites, Dicas de Marketing e Empreendedorismo\",\"isPartOf\":{\"@id\":\"https:\/\/microagenciadigital.com.br\/sx\/#website\"},\"primaryImageOfPage\":{\"@id\":\"https:\/\/microagenciadigital.com.br\/sx\/contato\/#primaryimage\"},\"image\":{\"@id\":\"https:\/\/microagenciadigital.com.br\/sx\/contato\/#primaryimage\"},\"thumbnailUrl\":\"http:\/\/microagenciadigital.com.br\/sx\/wp-content\/uploads\/2013\/10\/contato.jpg\",\"datePublished\":\"2013-10-13T11:28:53+00:00\",\"dateModified\":\"2024-07-01T16:55:39+00:00\",\"description\":\"Marketing digital para micro e pequenas empresas. Webdesign, cria\u00e7\u00e3o de websites e logotipos, an\u00fancios no Google Adwords por profissionais certificados. Profissionalismo com pre\u00e7os acess\u00edveis. Micro franquias. Microagencia Digital Studio Xpress. Seja um representante.\",\"breadcrumb\":{\"@id\":\"https:\/\/microagenciadigital.com.br\/sx\/contato\/#breadcrumb\"},\"inLanguage\":\"pt-BR\",\"potentialAction\":[{\"@type\":\"ReadAction\",\"target\":[\"https:\/\/microagenciadigital.com.br\/sx\/contato\/\"]}]},{\"@type\":\"ImageObject\",\"inLanguage\":\"pt-BR\",\"@id\":\"https:\/\/microagenciadigital.com.br\/sx\/contato\/#primaryimage\",\"url\":\"https:\/\/microagenciadigital.com.br\/sx\/wp-content\/uploads\/2013\/10\/contato.jpg\",\"contentUrl\":\"https:\/\/microagenciadigital.com.br\/sx\/wp-content\/uploads\/2013\/10\/contato.jpg\",\"width\":450,\"height\":300,\"caption\":\"Cria\u00e7\u00e3o de websites e marketing digital para microempresas\"},{\"@type\":\"BreadcrumbList\",\"@id\":\"https:\/\/microagenciadigital.com.br\/sx\/contato\/#breadcrumb\",\"itemListElement\":[{\"@type\":\"ListItem\",\"position\":1,\"name\":\"In\u00edcio\",\"item\":\"https:\/\/microagenciadigital.com.br\/sx\/\"},{\"@type\":\"ListItem\",\"position\":2,\"name\":\"Contato\"}]},{\"@type\":\"WebSite\",\"@id\":\"https:\/\/microagenciadigital.com.br\/sx\/#website\",\"url\":\"https:\/\/microagenciadigital.com.br\/sx\/\",\"name\":\"Microagencia Digital SX\",\"description\":\"Uma microag\u00eancia para micro, pequenas e m\u00e9dias empresas!\",\"potentialAction\":[{\"@type\":\"SearchAction\",\"target\":{\"@type\":\"EntryPoint\",\"urlTemplate\":\"https:\/\/microagenciadigital.com.br\/sx\/?s={search_term_string}\"},\"query-input\":\"required name=search_term_string\"}],\"inLanguage\":\"pt-BR\"}]}<\/script>\n<!-- \/ Yoast SEO plugin. -->","yoast_head_json":{"title":"Marketing Digital para Microempresas :: Cria\u00e7\u00e3o de websites, Dicas de Marketing e Empreendedorismo","description":"Marketing digital para micro e pequenas empresas. Webdesign, cria\u00e7\u00e3o de websites e logotipos, an\u00fancios no Google Adwords por profissionais certificados. Profissionalismo com pre\u00e7os acess\u00edveis. Micro franquias. Microagencia Digital Studio Xpress. Seja um representante.","robots":{"index":"index","follow":"follow","max-snippet":"max-snippet:-1","max-image-preview":"max-image-preview:large","max-video-preview":"max-video-preview:-1"},"canonical":"https:\/\/microagenciadigital.com.br\/sx\/contato\/","og_locale":"pt_BR","og_type":"article","og_title":"Marketing Digital para Microempresas :: Cria\u00e7\u00e3o de websites, Dicas de Marketing e Empreendedorismo","og_description":"Marketing digital para micro e pequenas empresas. Webdesign, cria\u00e7\u00e3o de websites e logotipos, an\u00fancios no Google Adwords por profissionais certificados. Profissionalismo com pre\u00e7os acess\u00edveis. Micro franquias. Microagencia Digital Studio Xpress. Seja um representante.","og_url":"https:\/\/microagenciadigital.com.br\/sx\/contato\/","og_site_name":"Microagencia Digital SX","article_modified_time":"2024-07-01T16:55:39+00:00","og_image":[{"url":"http:\/\/microagenciadigital.com.br\/sx\/wp-content\/uploads\/2013\/10\/contato.jpg"}],"schema":{"@context":"https:\/\/schema.org","@graph":[{"@type":"WebPage","@id":"https:\/\/microagenciadigital.com.br\/sx\/contato\/","url":"https:\/\/microagenciadigital.com.br\/sx\/contato\/","name":"Marketing Digital para Microempresas :: Cria\u00e7\u00e3o de websites, Dicas de Marketing e Empreendedorismo","isPartOf":{"@id":"https:\/\/microagenciadigital.com.br\/sx\/#website"},"primaryImageOfPage":{"@id":"https:\/\/microagenciadigital.com.br\/sx\/contato\/#primaryimage"},"image":{"@id":"https:\/\/microagenciadigital.com.br\/sx\/contato\/#primaryimage"},"thumbnailUrl":"http:\/\/microagenciadigital.com.br\/sx\/wp-content\/uploads\/2013\/10\/contato.jpg","datePublished":"2013-10-13T11:28:53+00:00","dateModified":"2024-07-01T16:55:39+00:00","description":"Marketing digital para micro e pequenas empresas. Webdesign, cria\u00e7\u00e3o de websites e logotipos, an\u00fancios no Google Adwords por profissionais certificados. Profissionalismo com pre\u00e7os acess\u00edveis. Micro franquias. Microagencia Digital Studio Xpress. Seja um representante.","breadcrumb":{"@id":"https:\/\/microagenciadigital.com.br\/sx\/contato\/#breadcrumb"},"inLanguage":"pt-BR","potentialAction":[{"@type":"ReadAction","target":["https:\/\/microagenciadigital.com.br\/sx\/contato\/"]}]},{"@type":"ImageObject","inLanguage":"pt-BR","@id":"https:\/\/microagenciadigital.com.br\/sx\/contato\/#primaryimage","url":"https:\/\/microagenciadigital.com.br\/sx\/wp-content\/uploads\/2013\/10\/contato.jpg","contentUrl":"https:\/\/microagenciadigital.com.br\/sx\/wp-content\/uploads\/2013\/10\/contato.jpg","width":450,"height":300,"caption":"Cria\u00e7\u00e3o de websites e marketing digital para microempresas"},{"@type":"BreadcrumbList","@id":"https:\/\/microagenciadigital.com.br\/sx\/contato\/#breadcrumb","itemListElement":[{"@type":"ListItem","position":1,"name":"In\u00edcio","item":"https:\/\/microagenciadigital.com.br\/sx\/"},{"@type":"ListItem","position":2,"name":"Contato"}]},{"@type":"WebSite","@id":"https:\/\/microagenciadigital.com.br\/sx\/#website","url":"https:\/\/microagenciadigital.com.br\/sx\/","name":"Microagencia Digital SX","description":"Uma microag\u00eancia para micro, pequenas e m\u00e9dias empresas!","potentialAction":[{"@type":"SearchAction","target":{"@type":"EntryPoint","urlTemplate":"https:\/\/microagenciadigital.com.br\/sx\/?s={search_term_string}"},"query-input":"required name=search_term_string"}],"inLanguage":"pt-BR"}]}},"_links":{"self":[{"href":"https:\/\/microagenciadigital.com.br\/sx\/wp-json\/wp\/v2\/pages\/30"}],"collection":[{"href":"https:\/\/microagenciadigital.com.br\/sx\/wp-json\/wp\/v2\/pages"}],"about":[{"href":"https:\/\/microagenciadigital.com.br\/sx\/wp-json\/wp\/v2\/types\/page"}],"author":[{"embeddable":true,"href":"https:\/\/microagenciadigital.com.br\/sx\/wp-json\/wp\/v2\/users\/1"}],"replies":[{"embeddable":true,"href":"https:\/\/microagenciadigital.com.br\/sx\/wp-json\/wp\/v2\/comments?post=30"}],"version-history":[{"count":21,"href":"https:\/\/microagenciadigital.com.br\/sx\/wp-json\/wp\/v2\/pages\/30\/revisions"}],"predecessor-version":[{"id":2083,"href":"https:\/\/microagenciadigital.com.br\/sx\/wp-json\/wp\/v2\/pages\/30\/revisions\/2083"}],"wp:attachment":[{"href":"https:\/\/microagenciadigital.com.br\/sx\/wp-json\/wp\/v2\/media?parent=30"}],"curies":[{"name":"wp","href":"https:\/\/api.w.org\/{rel}","templated":true}]}}