{"id":2,"date":"2015-01-07T19:16:04","date_gmt":"2015-01-07T19:16:04","guid":{"rendered":"http:\/\/microagenciadigital.com.br\/sx\/?page_id=2"},"modified":"2015-09-13T11:56:17","modified_gmt":"2015-09-13T11:56:17","slug":"a-microagencia","status":"publish","type":"page","link":"https:\/\/microagenciadigital.com.br\/sx\/a-microagencia\/","title":{"rendered":"A Microag\u00eancia"},"content":{"rendered":"<div class=\"one_half\">\n<p style=\"text-align: justify;\">A <strong>Microag\u00eancia Digital SX<\/strong>\u00a0atua totalmente focada no atendimento de micro e pequenas empresas (MPEs). Apresentamos\u00a0solu\u00e7\u00f5es econ\u00f4micas e com alto padr\u00e3o de qualidade que apenas ag\u00eancias profissionais com uma equipe qualificada podem oferecer.<\/p>\n<p style=\"text-align: justify;\">Nossos profissionais s\u00e3o experientes, comprometidos com os resultados\u00a0e aptos a atender os clientes mais exigentes.\u00a0Nosso quadro de colaboradores comp\u00f5e-se de uma equipe\u00a0multidisciplinar e, sobretudo especializada. Dessa forma, a equipe trabalha em prol de solu\u00e7\u00f5es, garantindo\u00a0e satisfazendo as necessidades de cada um dos projetos.<\/p>\n<h2 style=\"text-align: justify;\">Ciclo Integral para Micro e Pequenas Empresas<\/h2>\n<p style=\"text-align: justify;\">Normalmente, o primeiro servi\u00e7o de que uma nova empresa necessita \u00e9\u00a0encontrar sua identidade profissional, com um <a title=\"Identidade Visual\" href=\"http:\/\/microagenciadigital.com.br\/sx\/servicos\/identidade-visual\/\"><strong>logotipo<\/strong><\/a> memor\u00e1vel e material de apoio ao seu marketing. Em seguida vem a constru\u00e7\u00e3o de um <a title=\"Cria\u00e7\u00e3o de Sites\" href=\"http:\/\/microagenciadigital.com.br\/sx\/servicos\/criacao-e-desenvolvimento-de-websites\/\"><strong>website<\/strong><\/a> onde vai promover\u00a0seus servi\u00e7os e produtos pela Internet. Finalmente, a empresa pode captar novos clientes atrav\u00e9s da publicidade digital no <a title=\"Links Patrocinados\" href=\"http:\/\/microagenciadigital.com.br\/sx\/servicos\/links-patrocinados-google-adwords\/\"><strong>Google Adwords<\/strong><\/a>.<\/p>\n<p>&nbsp;<\/p>\n<h3 style=\"text-align: center;\">Tire suas d\u00favidas com nosso atendimento:<\/h3>\n<p style=\"text-align: center;\"><a href=\"http:\/\/microagenciadigital.com.br\/sx\/contato\/\" target=\"\" class=\"buttons btn_green \"><span class=\"left\">Envie uma mensgem<\/span><\/a><\/p>\n<p><\/div><br \/>\n<div class=\"one_half column-last\"><a href=\"http:\/\/microagenciadigital.com.br\/sx\/wp-content\/uploads\/2015\/01\/a-microagencia.jpg\"><img loading=\"lazy\" decoding=\"async\" class=\" wp-image-1901 size-full aligncenter\" src=\"http:\/\/microagenciadigital.com.br\/sx\/wp-content\/uploads\/2015\/01\/a-microagencia.jpg\" alt=\"\" width=\"450\" height=\"287\" srcset=\"https:\/\/microagenciadigital.com.br\/sx\/wp-content\/uploads\/2015\/01\/a-microagencia.jpg 450w, https:\/\/microagenciadigital.com.br\/sx\/wp-content\/uploads\/2015\/01\/a-microagencia-300x191.jpg 300w\" sizes=\"(max-width: 450px) 100vw, 450px\" \/><\/a><\/p>\n<h2 style=\"text-align: center;\">Marketing Digital\u00a0para MEIs e PMEs<\/h2>\n<p>Conhe\u00e7a nossos servi\u00e7os e entenda cada solu\u00e7\u00e3o para o <strong>marketing digital<\/strong> de\u00a0sua empresa:<\/p>\n<p><i class=\"fa fa-arrow-right \" ><\/i> <a title=\"Identidade Visual\" href=\"http:\/\/microagenciadigital.com.br\/sx\/servicos\/identidade-visual\/\">Identidade Visual \u00a0\/ Papelaria<\/a><\/p>\n<p><i class=\"fa fa-arrow-right \" ><\/i>\u00a0<a title=\"Website Design\" href=\"http:\/\/microagenciadigital.com.br\/sx\/servicos\/criacao-e-desenvolvimento-de-websites\/\">Cria\u00e7\u00e3o de Sites<\/a><\/p>\n<p><i class=\"fa fa-arrow-right \" ><\/i> <a title=\"Google Adwords\" href=\"http:\/\/microagenciadigital.com.br\/sx\/servicos\/links-patrocinados-google-adwords\/\">Links Patrocinados \/ Google Adwords<\/a><\/p>\n<p><\/div><div class=\"clear\"><\/div><\/p>\n","protected":false},"excerpt":{"rendered":"","protected":false},"author":1,"featured_media":0,"parent":0,"menu_order":0,"comment_status":"closed","ping_status":"closed","template":"","meta":{"footnotes":""},"yoast_head":"<!-- This site is optimized with the Yoast SEO plugin v23.0 - https:\/\/yoast.com\/wordpress\/plugins\/seo\/ -->\n<title>Quem Somos | Marketing Digital para micro e pequenas empresas<\/title>\n<meta name=\"description\" content=\"Marketing Digital para micro e pequenas empresas. Webdesign, cria\u00e7\u00e3o de websites e logotipos, an\u00fancios no Google Adwords por profissionais certificados. Profissionalismo com pre\u00e7os acess\u00edveis. Micro franquias. Microagencia Digital Studio Xpress. Seja um representante.\" \/>\n<meta name=\"robots\" content=\"index, follow, max-snippet:-1, max-image-preview:large, max-video-preview:-1\" \/>\n<link rel=\"canonical\" href=\"https:\/\/microagenciadigital.com.br\/sx\/a-microagencia\/\" \/>\n<meta property=\"og:locale\" content=\"pt_BR\" \/>\n<meta property=\"og:type\" content=\"article\" \/>\n<meta property=\"og:title\" content=\"Quem Somos | Marketing Digital para micro e pequenas empresas\" \/>\n<meta property=\"og:description\" content=\"Marketing Digital para micro e pequenas empresas. Webdesign, cria\u00e7\u00e3o de websites e logotipos, an\u00fancios no Google Adwords por profissionais certificados. Profissionalismo com pre\u00e7os acess\u00edveis. Micro franquias. Microagencia Digital Studio Xpress. Seja um representante.\" \/>\n<meta property=\"og:url\" content=\"https:\/\/microagenciadigital.com.br\/sx\/a-microagencia\/\" \/>\n<meta property=\"og:site_name\" content=\"Microagencia Digital SX\" \/>\n<meta property=\"article:modified_time\" content=\"2015-09-13T11:56:17+00:00\" \/>\n<meta property=\"og:image\" content=\"http:\/\/microagenciadigital.com.br\/sx\/wp-content\/uploads\/2015\/01\/a-microagencia.jpg\" \/>\n<meta name=\"twitter:label1\" content=\"Est. tempo de leitura\" \/>\n\t<meta name=\"twitter:data1\" content=\"1 minuto\" \/>\n<script type=\"application\/ld+json\" class=\"yoast-schema-graph\">{\"@context\":\"https:\/\/schema.org\",\"@graph\":[{\"@type\":\"WebPage\",\"@id\":\"https:\/\/microagenciadigital.com.br\/sx\/a-microagencia\/\",\"url\":\"https:\/\/microagenciadigital.com.br\/sx\/a-microagencia\/\",\"name\":\"Quem Somos | Marketing Digital para micro e pequenas empresas\",\"isPartOf\":{\"@id\":\"https:\/\/microagenciadigital.com.br\/sx\/#website\"},\"primaryImageOfPage\":{\"@id\":\"https:\/\/microagenciadigital.com.br\/sx\/a-microagencia\/#primaryimage\"},\"image\":{\"@id\":\"https:\/\/microagenciadigital.com.br\/sx\/a-microagencia\/#primaryimage\"},\"thumbnailUrl\":\"http:\/\/microagenciadigital.com.br\/sx\/wp-content\/uploads\/2015\/01\/a-microagencia.jpg\",\"datePublished\":\"2015-01-07T19:16:04+00:00\",\"dateModified\":\"2015-09-13T11:56:17+00:00\",\"description\":\"Marketing Digital para micro e pequenas empresas. Webdesign, cria\u00e7\u00e3o de websites e logotipos, an\u00fancios no Google Adwords por profissionais certificados. Profissionalismo com pre\u00e7os acess\u00edveis. Micro franquias. Microagencia Digital Studio Xpress. Seja um representante.\",\"breadcrumb\":{\"@id\":\"https:\/\/microagenciadigital.com.br\/sx\/a-microagencia\/#breadcrumb\"},\"inLanguage\":\"pt-BR\",\"potentialAction\":[{\"@type\":\"ReadAction\",\"target\":[\"https:\/\/microagenciadigital.com.br\/sx\/a-microagencia\/\"]}]},{\"@type\":\"ImageObject\",\"inLanguage\":\"pt-BR\",\"@id\":\"https:\/\/microagenciadigital.com.br\/sx\/a-microagencia\/#primaryimage\",\"url\":\"https:\/\/microagenciadigital.com.br\/sx\/wp-content\/uploads\/2015\/01\/a-microagencia.jpg\",\"contentUrl\":\"https:\/\/microagenciadigital.com.br\/sx\/wp-content\/uploads\/2015\/01\/a-microagencia.jpg\",\"width\":450,\"height\":287,\"caption\":\"Cria\u00e7\u00e3o de websites e marketing digital para microempresas\"},{\"@type\":\"BreadcrumbList\",\"@id\":\"https:\/\/microagenciadigital.com.br\/sx\/a-microagencia\/#breadcrumb\",\"itemListElement\":[{\"@type\":\"ListItem\",\"position\":1,\"name\":\"In\u00edcio\",\"item\":\"https:\/\/microagenciadigital.com.br\/sx\/\"},{\"@type\":\"ListItem\",\"position\":2,\"name\":\"A Microag\u00eancia\"}]},{\"@type\":\"WebSite\",\"@id\":\"https:\/\/microagenciadigital.com.br\/sx\/#website\",\"url\":\"https:\/\/microagenciadigital.com.br\/sx\/\",\"name\":\"Microagencia Digital SX\",\"description\":\"Uma microag\u00eancia para micro, pequenas e m\u00e9dias empresas!\",\"potentialAction\":[{\"@type\":\"SearchAction\",\"target\":{\"@type\":\"EntryPoint\",\"urlTemplate\":\"https:\/\/microagenciadigital.com.br\/sx\/?s={search_term_string}\"},\"query-input\":\"required name=search_term_string\"}],\"inLanguage\":\"pt-BR\"}]}<\/script>\n<!-- \/ Yoast SEO plugin. -->","yoast_head_json":{"title":"Quem Somos | Marketing Digital para micro e pequenas empresas","description":"Marketing Digital para micro e pequenas empresas. Webdesign, cria\u00e7\u00e3o de websites e logotipos, an\u00fancios no Google Adwords por profissionais certificados. Profissionalismo com pre\u00e7os acess\u00edveis. Micro franquias. Microagencia Digital Studio Xpress. Seja um representante.","robots":{"index":"index","follow":"follow","max-snippet":"max-snippet:-1","max-image-preview":"max-image-preview:large","max-video-preview":"max-video-preview:-1"},"canonical":"https:\/\/microagenciadigital.com.br\/sx\/a-microagencia\/","og_locale":"pt_BR","og_type":"article","og_title":"Quem Somos | Marketing Digital para micro e pequenas empresas","og_description":"Marketing Digital para micro e pequenas empresas. Webdesign, cria\u00e7\u00e3o de websites e logotipos, an\u00fancios no Google Adwords por profissionais certificados. Profissionalismo com pre\u00e7os acess\u00edveis. Micro franquias. Microagencia Digital Studio Xpress. Seja um representante.","og_url":"https:\/\/microagenciadigital.com.br\/sx\/a-microagencia\/","og_site_name":"Microagencia Digital SX","article_modified_time":"2015-09-13T11:56:17+00:00","og_image":[{"url":"http:\/\/microagenciadigital.com.br\/sx\/wp-content\/uploads\/2015\/01\/a-microagencia.jpg"}],"twitter_misc":{"Est. tempo de leitura":"1 minuto"},"schema":{"@context":"https:\/\/schema.org","@graph":[{"@type":"WebPage","@id":"https:\/\/microagenciadigital.com.br\/sx\/a-microagencia\/","url":"https:\/\/microagenciadigital.com.br\/sx\/a-microagencia\/","name":"Quem Somos | Marketing Digital para micro e pequenas empresas","isPartOf":{"@id":"https:\/\/microagenciadigital.com.br\/sx\/#website"},"primaryImageOfPage":{"@id":"https:\/\/microagenciadigital.com.br\/sx\/a-microagencia\/#primaryimage"},"image":{"@id":"https:\/\/microagenciadigital.com.br\/sx\/a-microagencia\/#primaryimage"},"thumbnailUrl":"http:\/\/microagenciadigital.com.br\/sx\/wp-content\/uploads\/2015\/01\/a-microagencia.jpg","datePublished":"2015-01-07T19:16:04+00:00","dateModified":"2015-09-13T11:56:17+00:00","description":"Marketing Digital para micro e pequenas empresas. Webdesign, cria\u00e7\u00e3o de websites e logotipos, an\u00fancios no Google Adwords por profissionais certificados. Profissionalismo com pre\u00e7os acess\u00edveis. Micro franquias. Microagencia Digital Studio Xpress. Seja um representante.","breadcrumb":{"@id":"https:\/\/microagenciadigital.com.br\/sx\/a-microagencia\/#breadcrumb"},"inLanguage":"pt-BR","potentialAction":[{"@type":"ReadAction","target":["https:\/\/microagenciadigital.com.br\/sx\/a-microagencia\/"]}]},{"@type":"ImageObject","inLanguage":"pt-BR","@id":"https:\/\/microagenciadigital.com.br\/sx\/a-microagencia\/#primaryimage","url":"https:\/\/microagenciadigital.com.br\/sx\/wp-content\/uploads\/2015\/01\/a-microagencia.jpg","contentUrl":"https:\/\/microagenciadigital.com.br\/sx\/wp-content\/uploads\/2015\/01\/a-microagencia.jpg","width":450,"height":287,"caption":"Cria\u00e7\u00e3o de websites e marketing digital para microempresas"},{"@type":"BreadcrumbList","@id":"https:\/\/microagenciadigital.com.br\/sx\/a-microagencia\/#breadcrumb","itemListElement":[{"@type":"ListItem","position":1,"name":"In\u00edcio","item":"https:\/\/microagenciadigital.com.br\/sx\/"},{"@type":"ListItem","position":2,"name":"A Microag\u00eancia"}]},{"@type":"WebSite","@id":"https:\/\/microagenciadigital.com.br\/sx\/#website","url":"https:\/\/microagenciadigital.com.br\/sx\/","name":"Microagencia Digital SX","description":"Uma microag\u00eancia para micro, pequenas e m\u00e9dias empresas!","potentialAction":[{"@type":"SearchAction","target":{"@type":"EntryPoint","urlTemplate":"https:\/\/microagenciadigital.com.br\/sx\/?s={search_term_string}"},"query-input":"required name=search_term_string"}],"inLanguage":"pt-BR"}]}},"_links":{"self":[{"href":"https:\/\/microagenciadigital.com.br\/sx\/wp-json\/wp\/v2\/pages\/2"}],"collection":[{"href":"https:\/\/microagenciadigital.com.br\/sx\/wp-json\/wp\/v2\/pages"}],"about":[{"href":"https:\/\/microagenciadigital.com.br\/sx\/wp-json\/wp\/v2\/types\/page"}],"author":[{"embeddable":true,"href":"https:\/\/microagenciadigital.com.br\/sx\/wp-json\/wp\/v2\/users\/1"}],"replies":[{"embeddable":true,"href":"https:\/\/microagenciadigital.com.br\/sx\/wp-json\/wp\/v2\/comments?post=2"}],"version-history":[{"count":54,"href":"https:\/\/microagenciadigital.com.br\/sx\/wp-json\/wp\/v2\/pages\/2\/revisions"}],"predecessor-version":[{"id":1944,"href":"https:\/\/microagenciadigital.com.br\/sx\/wp-json\/wp\/v2\/pages\/2\/revisions\/1944"}],"wp:attachment":[{"href":"https:\/\/microagenciadigital.com.br\/sx\/wp-json\/wp\/v2\/media?parent=2"}],"curies":[{"name":"wp","href":"https:\/\/api.w.org\/{rel}","templated":true}]}}