{"id":1641,"date":"2015-05-25T15:22:33","date_gmt":"2015-05-25T15:22:33","guid":{"rendered":"http:\/\/microagenciadigital.com.br\/sx\/?page_id=1641"},"modified":"2024-10-23T13:51:12","modified_gmt":"2024-10-23T13:51:12","slug":"seja-um-microagente-digital","status":"publish","type":"page","link":"https:\/\/microagenciadigital.com.br\/sx\/seja-um-microagente-digital\/","title":{"rendered":"Seja um Microagente Digital"},"content":{"rendered":"<h1>Tenha seu pr\u00f3prio neg\u00f3cio de Marketing Digital<\/h1>\n<p style=\"text-align: justify;\"><img loading=\"lazy\" decoding=\"async\" class=\" wp-image-1855 alignleft\" src=\"http:\/\/microagenciadigital.com.br\/sx\/wp-content\/uploads\/2015\/05\/mulher_empreendedora_digital_web.jpg\" alt=\"mulher_empreendedora_digital_web\" width=\"450\" height=\"300\" srcset=\"https:\/\/microagenciadigital.com.br\/sx\/wp-content\/uploads\/2015\/05\/mulher_empreendedora_digital_web.jpg 600w, https:\/\/microagenciadigital.com.br\/sx\/wp-content\/uploads\/2015\/05\/mulher_empreendedora_digital_web-300x200.jpg 300w\" sizes=\"(max-width: 450px) 100vw, 450px\" \/>Trabalhe em seu <em>home office<\/em> com flexibilidade. Se voc\u00ea \u00e9 empreendedor(a) e sonha em ter uma <strong>microfranquia digital<\/strong>, trabalhando de casa, essa oportunidade \u00e9 para voc\u00ea. Nosso mercado est\u00e1 em amplo crescimento, pois \u00e9 justamente em momentos de crise que as empresas precisam cada vez mais se conectar com o consumidor, que est\u00e1 cada vez mais digital.<\/p>\n<p style=\"text-align: justify;\">Com a tecnologia \u00e0 nossa disposi\u00e7\u00e3o e com uma infraestrutura de atendimento e produ\u00e7\u00e3o sempre mais aperfei\u00e7oada, oferecemos aos nossos representantes a possibilidade de atingir alta produtividade com mais qualidade de vida. Nosso modelo de neg\u00f3cio \u00e9 <strong>100% virtual<\/strong> e est\u00e1 pronto para ser operado por voc\u00ea, de sua resid\u00eancia, de qualquer lugar do Brasil.<\/p>\n<h3 style=\"text-align: center;\">Saiba mais sobre esta oportunidade:<\/h3>\n<p style=\"text-align: center;\"><a href=\"https:\/\/studioxpress.rds.land\/microagenciadigital\" target=\"new\" class=\"buttons btn_green \"><span class=\"left\">Saiba mais e inscreva-se aqui<\/span><\/a><\/p>\n<p style=\"text-align: center;\"><div class=\"divider\"><\/div><\/p>\n<h3>Fa\u00e7a parte da nossa equipe de profissionais<\/h3>\n<p style=\"text-align: justify;\">Somos uma equipe de profissionais das \u00e1reas de<strong> design, programa\u00e7\u00e3o, tecnologia, reda\u00e7\u00e3o, publicidade, comunica\u00e7\u00e3o, marketing<\/strong> e \u00e1reas afins, com mais de 15 anos de experi\u00eancia no mercado digital.<\/p>\n<p style=\"text-align: justify;\">Podem se inscrever <strong>profissionais\u00a0de qualquer \u00e1rea<\/strong>, de ambos os sexos, com perfil empreendedor, que sejam proativos e familiarizados com o mundo digital (uso da internet, e-mail e redes sociais).<\/p>\n<h3 style=\"text-align: center;\">Conte com nosso expertise\u00a0e abra seu neg\u00f3cio em\u00a0marketing digital:<\/h3>\n<p style=\"text-align: center;\"><a href=\"https:\/\/studioxpress.rds.land\/microagenciadigital\" target=\"new\" class=\"buttons btn_green \"><span class=\"left\">Saiba mais e inscreva-se aqui<\/span><\/a><\/p>\n<h3><\/h3>\n","protected":false},"excerpt":{"rendered":"<p>Tenha seu pr\u00f3prio neg\u00f3cio de Marketing Digital Trabalhe em seu home office com flexibilidade. Se voc\u00ea \u00e9 empreendedor(a) e sonha em ter uma microfranquia digital, trabalhando de casa, essa oportunidade \u00e9 para voc\u00ea. Nosso mercado est\u00e1 em amplo crescimento, pois<\/p>\n","protected":false},"author":1,"featured_media":0,"parent":0,"menu_order":0,"comment_status":"closed","ping_status":"open","template":"","meta":{"footnotes":""},"yoast_head":"<!-- This site is optimized with the Yoast SEO plugin v23.0 - https:\/\/yoast.com\/wordpress\/plugins\/seo\/ -->\n<title>Microfranquia | Seja um representante | Marketing Digital para micro e pequenas empresas. Microfranquia digital com baixo investimento.<\/title>\n<meta name=\"description\" content=\"Microfranquia Marketing Digital: Seja nosso representante em sua cidade.\" \/>\n<meta name=\"robots\" content=\"index, follow, max-snippet:-1, max-image-preview:large, max-video-preview:-1\" \/>\n<link rel=\"canonical\" href=\"https:\/\/microagenciadigital.com.br\/sx\/seja-um-microagente-digital\/\" \/>\n<meta property=\"og:locale\" content=\"pt_BR\" \/>\n<meta property=\"og:type\" content=\"article\" \/>\n<meta property=\"og:title\" content=\"Microfranquia | Seja um representante | Marketing Digital para micro e pequenas empresas. Microfranquia digital com baixo investimento.\" \/>\n<meta property=\"og:description\" content=\"Microfranquia Marketing Digital: Seja nosso representante em sua cidade.\" \/>\n<meta property=\"og:url\" content=\"https:\/\/microagenciadigital.com.br\/sx\/seja-um-microagente-digital\/\" \/>\n<meta property=\"og:site_name\" content=\"Microagencia Digital SX\" \/>\n<meta property=\"article:modified_time\" content=\"2024-10-23T13:51:12+00:00\" \/>\n<meta property=\"og:image\" content=\"http:\/\/microagenciadigital.com.br\/sx\/wp-content\/uploads\/2015\/05\/mulher_empreendedora_digital_web.jpg\" \/>\n<meta name=\"twitter:label1\" content=\"Est. tempo de leitura\" \/>\n\t<meta name=\"twitter:data1\" content=\"2 minutos\" \/>\n<script type=\"application\/ld+json\" class=\"yoast-schema-graph\">{\"@context\":\"https:\/\/schema.org\",\"@graph\":[{\"@type\":\"WebPage\",\"@id\":\"https:\/\/microagenciadigital.com.br\/sx\/seja-um-microagente-digital\/\",\"url\":\"https:\/\/microagenciadigital.com.br\/sx\/seja-um-microagente-digital\/\",\"name\":\"Microfranquia | Seja um representante | Marketing Digital para micro e pequenas empresas. Microfranquia digital com baixo investimento.\",\"isPartOf\":{\"@id\":\"https:\/\/microagenciadigital.com.br\/sx\/#website\"},\"primaryImageOfPage\":{\"@id\":\"https:\/\/microagenciadigital.com.br\/sx\/seja-um-microagente-digital\/#primaryimage\"},\"image\":{\"@id\":\"https:\/\/microagenciadigital.com.br\/sx\/seja-um-microagente-digital\/#primaryimage\"},\"thumbnailUrl\":\"http:\/\/microagenciadigital.com.br\/sx\/wp-content\/uploads\/2015\/05\/mulher_empreendedora_digital_web.jpg\",\"datePublished\":\"2015-05-25T15:22:33+00:00\",\"dateModified\":\"2024-10-23T13:51:12+00:00\",\"description\":\"Microfranquia Marketing Digital: Seja nosso representante em sua cidade.\",\"breadcrumb\":{\"@id\":\"https:\/\/microagenciadigital.com.br\/sx\/seja-um-microagente-digital\/#breadcrumb\"},\"inLanguage\":\"pt-BR\",\"potentialAction\":[{\"@type\":\"ReadAction\",\"target\":[\"https:\/\/microagenciadigital.com.br\/sx\/seja-um-microagente-digital\/\"]}]},{\"@type\":\"ImageObject\",\"inLanguage\":\"pt-BR\",\"@id\":\"https:\/\/microagenciadigital.com.br\/sx\/seja-um-microagente-digital\/#primaryimage\",\"url\":\"https:\/\/microagenciadigital.com.br\/sx\/wp-content\/uploads\/2015\/05\/mulher_empreendedora_digital_web.jpg\",\"contentUrl\":\"https:\/\/microagenciadigital.com.br\/sx\/wp-content\/uploads\/2015\/05\/mulher_empreendedora_digital_web.jpg\",\"width\":600,\"height\":400,\"caption\":\"Microfranquia Digital para Mulher empreendedora\"},{\"@type\":\"BreadcrumbList\",\"@id\":\"https:\/\/microagenciadigital.com.br\/sx\/seja-um-microagente-digital\/#breadcrumb\",\"itemListElement\":[{\"@type\":\"ListItem\",\"position\":1,\"name\":\"In\u00edcio\",\"item\":\"https:\/\/microagenciadigital.com.br\/sx\/\"},{\"@type\":\"ListItem\",\"position\":2,\"name\":\"Seja um Microagente Digital\"}]},{\"@type\":\"WebSite\",\"@id\":\"https:\/\/microagenciadigital.com.br\/sx\/#website\",\"url\":\"https:\/\/microagenciadigital.com.br\/sx\/\",\"name\":\"Microagencia Digital SX\",\"description\":\"Uma microag\u00eancia para micro, pequenas e m\u00e9dias empresas!\",\"potentialAction\":[{\"@type\":\"SearchAction\",\"target\":{\"@type\":\"EntryPoint\",\"urlTemplate\":\"https:\/\/microagenciadigital.com.br\/sx\/?s={search_term_string}\"},\"query-input\":\"required name=search_term_string\"}],\"inLanguage\":\"pt-BR\"}]}<\/script>\n<!-- \/ Yoast SEO plugin. -->","yoast_head_json":{"title":"Microfranquia | Seja um representante | Marketing Digital para micro e pequenas empresas. Microfranquia digital com baixo investimento.","description":"Microfranquia Marketing Digital: Seja nosso representante em sua cidade.","robots":{"index":"index","follow":"follow","max-snippet":"max-snippet:-1","max-image-preview":"max-image-preview:large","max-video-preview":"max-video-preview:-1"},"canonical":"https:\/\/microagenciadigital.com.br\/sx\/seja-um-microagente-digital\/","og_locale":"pt_BR","og_type":"article","og_title":"Microfranquia | Seja um representante | Marketing Digital para micro e pequenas empresas. Microfranquia digital com baixo investimento.","og_description":"Microfranquia Marketing Digital: Seja nosso representante em sua cidade.","og_url":"https:\/\/microagenciadigital.com.br\/sx\/seja-um-microagente-digital\/","og_site_name":"Microagencia Digital SX","article_modified_time":"2024-10-23T13:51:12+00:00","og_image":[{"url":"http:\/\/microagenciadigital.com.br\/sx\/wp-content\/uploads\/2015\/05\/mulher_empreendedora_digital_web.jpg"}],"twitter_misc":{"Est. tempo de leitura":"2 minutos"},"schema":{"@context":"https:\/\/schema.org","@graph":[{"@type":"WebPage","@id":"https:\/\/microagenciadigital.com.br\/sx\/seja-um-microagente-digital\/","url":"https:\/\/microagenciadigital.com.br\/sx\/seja-um-microagente-digital\/","name":"Microfranquia | Seja um representante | Marketing Digital para micro e pequenas empresas. Microfranquia digital com baixo investimento.","isPartOf":{"@id":"https:\/\/microagenciadigital.com.br\/sx\/#website"},"primaryImageOfPage":{"@id":"https:\/\/microagenciadigital.com.br\/sx\/seja-um-microagente-digital\/#primaryimage"},"image":{"@id":"https:\/\/microagenciadigital.com.br\/sx\/seja-um-microagente-digital\/#primaryimage"},"thumbnailUrl":"http:\/\/microagenciadigital.com.br\/sx\/wp-content\/uploads\/2015\/05\/mulher_empreendedora_digital_web.jpg","datePublished":"2015-05-25T15:22:33+00:00","dateModified":"2024-10-23T13:51:12+00:00","description":"Microfranquia Marketing Digital: Seja nosso representante em sua cidade.","breadcrumb":{"@id":"https:\/\/microagenciadigital.com.br\/sx\/seja-um-microagente-digital\/#breadcrumb"},"inLanguage":"pt-BR","potentialAction":[{"@type":"ReadAction","target":["https:\/\/microagenciadigital.com.br\/sx\/seja-um-microagente-digital\/"]}]},{"@type":"ImageObject","inLanguage":"pt-BR","@id":"https:\/\/microagenciadigital.com.br\/sx\/seja-um-microagente-digital\/#primaryimage","url":"https:\/\/microagenciadigital.com.br\/sx\/wp-content\/uploads\/2015\/05\/mulher_empreendedora_digital_web.jpg","contentUrl":"https:\/\/microagenciadigital.com.br\/sx\/wp-content\/uploads\/2015\/05\/mulher_empreendedora_digital_web.jpg","width":600,"height":400,"caption":"Microfranquia Digital para Mulher empreendedora"},{"@type":"BreadcrumbList","@id":"https:\/\/microagenciadigital.com.br\/sx\/seja-um-microagente-digital\/#breadcrumb","itemListElement":[{"@type":"ListItem","position":1,"name":"In\u00edcio","item":"https:\/\/microagenciadigital.com.br\/sx\/"},{"@type":"ListItem","position":2,"name":"Seja um Microagente Digital"}]},{"@type":"WebSite","@id":"https:\/\/microagenciadigital.com.br\/sx\/#website","url":"https:\/\/microagenciadigital.com.br\/sx\/","name":"Microagencia Digital SX","description":"Uma microag\u00eancia para micro, pequenas e m\u00e9dias empresas!","potentialAction":[{"@type":"SearchAction","target":{"@type":"EntryPoint","urlTemplate":"https:\/\/microagenciadigital.com.br\/sx\/?s={search_term_string}"},"query-input":"required name=search_term_string"}],"inLanguage":"pt-BR"}]}},"_links":{"self":[{"href":"https:\/\/microagenciadigital.com.br\/sx\/wp-json\/wp\/v2\/pages\/1641"}],"collection":[{"href":"https:\/\/microagenciadigital.com.br\/sx\/wp-json\/wp\/v2\/pages"}],"about":[{"href":"https:\/\/microagenciadigital.com.br\/sx\/wp-json\/wp\/v2\/types\/page"}],"author":[{"embeddable":true,"href":"https:\/\/microagenciadigital.com.br\/sx\/wp-json\/wp\/v2\/users\/1"}],"replies":[{"embeddable":true,"href":"https:\/\/microagenciadigital.com.br\/sx\/wp-json\/wp\/v2\/comments?post=1641"}],"version-history":[{"count":44,"href":"https:\/\/microagenciadigital.com.br\/sx\/wp-json\/wp\/v2\/pages\/1641\/revisions"}],"predecessor-version":[{"id":2095,"href":"https:\/\/microagenciadigital.com.br\/sx\/wp-json\/wp\/v2\/pages\/1641\/revisions\/2095"}],"wp:attachment":[{"href":"https:\/\/microagenciadigital.com.br\/sx\/wp-json\/wp\/v2\/media?parent=1641"}],"curies":[{"name":"wp","href":"https:\/\/api.w.org\/{rel}","templated":true}]}}