{"id":1562,"date":"2015-01-08T20:19:16","date_gmt":"2015-01-08T20:19:16","guid":{"rendered":"http:\/\/microagenciadigital.com.br\/sx\/?page_id=1562"},"modified":"2024-10-21T20:35:59","modified_gmt":"2024-10-21T20:35:59","slug":"links-patrocinados-google-adwords","status":"publish","type":"page","link":"https:\/\/microagenciadigital.com.br\/sx\/servicos\/links-patrocinados-google-adwords\/","title":{"rendered":"Google Ads para Microempresas"},"content":{"rendered":"<h2><a href=\"http:\/\/microagenciadigital.com.br\/sx\/wp-content\/uploads\/2015\/01\/links-padrocinados-1.png\"><img loading=\"lazy\" decoding=\"async\" class=\"  wp-image-1758 alignright\" src=\"http:\/\/microagenciadigital.com.br\/sx\/wp-content\/uploads\/2015\/01\/links-padrocinados-1.png\" alt=\"links-padrocinados-1\" width=\"300\" height=\"465\" srcset=\"https:\/\/microagenciadigital.com.br\/sx\/wp-content\/uploads\/2015\/01\/links-padrocinados-1.png 400w, https:\/\/microagenciadigital.com.br\/sx\/wp-content\/uploads\/2015\/01\/links-padrocinados-1-194x300.png 194w\" sizes=\"(max-width: 300px) 100vw, 300px\" \/><\/a>Cria\u00e7\u00e3o de Campanhas no Google Ads<\/h2>\n<p><!--more--><\/p>\n<p style=\"text-align: justify;\">Captar novos clientes\u00a0\u00e9 um grande\u00a0desafio das micro e pequenas empresas. Mas, com um investimento m\u00ednimo, \u00e9 poss\u00edvel atrair novos clientes em potencial atrav\u00e9s de an\u00fancios segmentados do\u00a0<strong>Google Adwords<\/strong>.<\/p>\n<p style=\"text-align: justify;\">Com o Google Adwords colocamos seu website, produtos e servi\u00e7os ao alcance de consumidores (B2C) e de compradores (B2B). Al\u00e9m disso, segmentamos para a \u00e1rea geogr\u00e1fica, ou seja, todo o Brasil, pa\u00edses selecionados, ou uma microregi\u00e3o. Podemos selecionar usu\u00e1rios por dados demogr\u00e1ficos (g\u00eanero e idade) e interesses (<em>hobbies<\/em>, por exemplo).<\/p>\n<p style=\"text-align: justify;\">N\u00e3o deixe sua publicidade digital na m\u00e3o de amadores.\u00a0Sua conta ser\u00e1 planejada e gerida\u00a0por um\u00a0<strong>p<\/strong><strong>rofissional <\/strong><strong>c<\/strong><strong>ertificado pelo Google<\/strong>, com ampla experi\u00eancia. Al\u00e9m dos an\u00fancios nos resultados\u00a0de pesquisa no Google, os chamados \u201c<strong>Links Patrocinados<\/strong>\u201c, tamb\u00e9m atuamos em todas as demais\u00a0modalidades de an\u00fancios do Google (celulares, v\u00eddeo, Rede Display e <em>Remarketing<\/em>).<\/p>\n<h3 style=\"text-align: center;\">Conquiste e qualifique clientes com o Google Adwords:<\/h3>\n<p style=\"text-align: center;\"><a href=\"http:\/\/microagenciadigital.com.br\/sx\/contato\/\" target=\"\" class=\"buttons btn_green \"><span class=\"left\">Solicite um or\u00e7amento<\/span><\/a><\/p>\n<h3 style=\"text-align: justify;\">Campanhas de Links Patrocinados (Adwords)<\/h3>\n<p style=\"text-align: justify;\"><i class=\"fa fa-arrow-right \" ><\/i> Consultoria inicial on-line gratuita, com foco no seu neg\u00f3cio<\/p>\n<p style=\"text-align: justify;\"><i class=\"fa fa-arrow-right \" ><\/i> Investimento mensal no Google a partir de\u00a0R$500,00<\/p>\n<p style=\"text-align: justify;\"><i class=\"fa fa-arrow-right \" ><\/i> Planejamento e cria\u00e7\u00e3o da campanha inicial<\/p>\n<p style=\"text-align: justify;\"><i class=\"fa fa-arrow-right \" ><\/i> Gest\u00e3o da campanha mensal (opcional)<\/p>\n<p style=\"text-align: justify;\"><i class=\"fa fa-arrow-right \" ><\/i> Primeiro relat\u00f3rio de resultados ap\u00f3s 30 dias<\/p>\n<h3 style=\"text-align: left;\">Comece agora:<\/h3>\n<p style=\"text-align: left;\"><a href=\"http:\/\/microagenciadigital.com.br\/sx\/contato\/\" target=\"\" class=\"buttons btn_green \"><span class=\"left\">Fale Conosco<\/span><\/a><\/p>\n","protected":false},"excerpt":{"rendered":"<p>Cria\u00e7\u00e3o de Campanhas no Google Ads<\/p>\n","protected":false},"author":1,"featured_media":1745,"parent":7,"menu_order":0,"comment_status":"closed","ping_status":"closed","template":"","meta":{"footnotes":""},"yoast_head":"<!-- This site is optimized with the Yoast SEO plugin v23.0 - https:\/\/yoast.com\/wordpress\/plugins\/seo\/ -->\n<title>Marketing Digital para Microempresas :: Google Adwords para Microempresas<\/title>\n<meta name=\"description\" content=\"Google Adwords para Micro e Pequenas Empresas. Experimente! Anuncie no Google Adwords e comece a conquistar novos mercados.\" \/>\n<meta name=\"robots\" content=\"index, follow, max-snippet:-1, max-image-preview:large, max-video-preview:-1\" \/>\n<link rel=\"canonical\" href=\"https:\/\/microagenciadigital.com.br\/sx\/servicos\/links-patrocinados-google-adwords\/\" \/>\n<meta property=\"og:locale\" content=\"pt_BR\" \/>\n<meta property=\"og:type\" content=\"article\" \/>\n<meta property=\"og:title\" content=\"Marketing Digital para Microempresas :: Google Adwords para Microempresas\" \/>\n<meta property=\"og:description\" content=\"Google Adwords para Micro e Pequenas Empresas. Experimente! Anuncie no Google Adwords e comece a conquistar novos mercados.\" \/>\n<meta property=\"og:url\" content=\"https:\/\/microagenciadigital.com.br\/sx\/servicos\/links-patrocinados-google-adwords\/\" \/>\n<meta property=\"og:site_name\" content=\"Microagencia Digital SX\" \/>\n<meta property=\"article:modified_time\" content=\"2024-10-21T20:35:59+00:00\" \/>\n<meta property=\"og:image\" content=\"http:\/\/microagenciadigital.com.br\/sx\/wp-content\/uploads\/2015\/01\/links-patrocinados.png\" \/>\n\t<meta property=\"og:image:width\" content=\"300\" \/>\n\t<meta property=\"og:image:height\" content=\"200\" \/>\n\t<meta property=\"og:image:type\" content=\"image\/png\" \/>\n<meta name=\"twitter:label1\" content=\"Est. tempo de leitura\" \/>\n\t<meta name=\"twitter:data1\" content=\"2 minutos\" \/>\n<script type=\"application\/ld+json\" class=\"yoast-schema-graph\">{\"@context\":\"https:\/\/schema.org\",\"@graph\":[{\"@type\":\"WebPage\",\"@id\":\"https:\/\/microagenciadigital.com.br\/sx\/servicos\/links-patrocinados-google-adwords\/\",\"url\":\"https:\/\/microagenciadigital.com.br\/sx\/servicos\/links-patrocinados-google-adwords\/\",\"name\":\"Marketing Digital para Microempresas :: Google Adwords para Microempresas\",\"isPartOf\":{\"@id\":\"https:\/\/microagenciadigital.com.br\/sx\/#website\"},\"primaryImageOfPage\":{\"@id\":\"https:\/\/microagenciadigital.com.br\/sx\/servicos\/links-patrocinados-google-adwords\/#primaryimage\"},\"image\":{\"@id\":\"https:\/\/microagenciadigital.com.br\/sx\/servicos\/links-patrocinados-google-adwords\/#primaryimage\"},\"thumbnailUrl\":\"https:\/\/microagenciadigital.com.br\/sx\/wp-content\/uploads\/2015\/01\/links-patrocinados.png\",\"datePublished\":\"2015-01-08T20:19:16+00:00\",\"dateModified\":\"2024-10-21T20:35:59+00:00\",\"description\":\"Google Adwords para Micro e Pequenas Empresas. Experimente! Anuncie no Google Adwords e comece a conquistar novos mercados.\",\"breadcrumb\":{\"@id\":\"https:\/\/microagenciadigital.com.br\/sx\/servicos\/links-patrocinados-google-adwords\/#breadcrumb\"},\"inLanguage\":\"pt-BR\",\"potentialAction\":[{\"@type\":\"ReadAction\",\"target\":[\"https:\/\/microagenciadigital.com.br\/sx\/servicos\/links-patrocinados-google-adwords\/\"]}]},{\"@type\":\"ImageObject\",\"inLanguage\":\"pt-BR\",\"@id\":\"https:\/\/microagenciadigital.com.br\/sx\/servicos\/links-patrocinados-google-adwords\/#primaryimage\",\"url\":\"https:\/\/microagenciadigital.com.br\/sx\/wp-content\/uploads\/2015\/01\/links-patrocinados.png\",\"contentUrl\":\"https:\/\/microagenciadigital.com.br\/sx\/wp-content\/uploads\/2015\/01\/links-patrocinados.png\",\"width\":300,\"height\":200,\"caption\":\"Cria\u00e7\u00e3o de logotipos para micro e pequenas empresas.\"},{\"@type\":\"BreadcrumbList\",\"@id\":\"https:\/\/microagenciadigital.com.br\/sx\/servicos\/links-patrocinados-google-adwords\/#breadcrumb\",\"itemListElement\":[{\"@type\":\"ListItem\",\"position\":1,\"name\":\"In\u00edcio\",\"item\":\"https:\/\/microagenciadigital.com.br\/sx\/\"},{\"@type\":\"ListItem\",\"position\":2,\"name\":\"Servi\u00e7os\",\"item\":\"https:\/\/microagenciadigital.com.br\/sx\/servicos\/\"},{\"@type\":\"ListItem\",\"position\":3,\"name\":\"Google Ads para Microempresas\"}]},{\"@type\":\"WebSite\",\"@id\":\"https:\/\/microagenciadigital.com.br\/sx\/#website\",\"url\":\"https:\/\/microagenciadigital.com.br\/sx\/\",\"name\":\"Microagencia Digital SX\",\"description\":\"Uma microag\u00eancia para micro, pequenas e m\u00e9dias empresas!\",\"potentialAction\":[{\"@type\":\"SearchAction\",\"target\":{\"@type\":\"EntryPoint\",\"urlTemplate\":\"https:\/\/microagenciadigital.com.br\/sx\/?s={search_term_string}\"},\"query-input\":\"required name=search_term_string\"}],\"inLanguage\":\"pt-BR\"}]}<\/script>\n<!-- \/ Yoast SEO plugin. -->","yoast_head_json":{"title":"Marketing Digital para Microempresas :: Google Adwords para Microempresas","description":"Google Adwords para Micro e Pequenas Empresas. Experimente! Anuncie no Google Adwords e comece a conquistar novos mercados.","robots":{"index":"index","follow":"follow","max-snippet":"max-snippet:-1","max-image-preview":"max-image-preview:large","max-video-preview":"max-video-preview:-1"},"canonical":"https:\/\/microagenciadigital.com.br\/sx\/servicos\/links-patrocinados-google-adwords\/","og_locale":"pt_BR","og_type":"article","og_title":"Marketing Digital para Microempresas :: Google Adwords para Microempresas","og_description":"Google Adwords para Micro e Pequenas Empresas. Experimente! Anuncie no Google Adwords e comece a conquistar novos mercados.","og_url":"https:\/\/microagenciadigital.com.br\/sx\/servicos\/links-patrocinados-google-adwords\/","og_site_name":"Microagencia Digital SX","article_modified_time":"2024-10-21T20:35:59+00:00","og_image":[{"width":300,"height":200,"url":"http:\/\/microagenciadigital.com.br\/sx\/wp-content\/uploads\/2015\/01\/links-patrocinados.png","type":"image\/png"}],"twitter_misc":{"Est. tempo de leitura":"2 minutos"},"schema":{"@context":"https:\/\/schema.org","@graph":[{"@type":"WebPage","@id":"https:\/\/microagenciadigital.com.br\/sx\/servicos\/links-patrocinados-google-adwords\/","url":"https:\/\/microagenciadigital.com.br\/sx\/servicos\/links-patrocinados-google-adwords\/","name":"Marketing Digital para Microempresas :: Google Adwords para Microempresas","isPartOf":{"@id":"https:\/\/microagenciadigital.com.br\/sx\/#website"},"primaryImageOfPage":{"@id":"https:\/\/microagenciadigital.com.br\/sx\/servicos\/links-patrocinados-google-adwords\/#primaryimage"},"image":{"@id":"https:\/\/microagenciadigital.com.br\/sx\/servicos\/links-patrocinados-google-adwords\/#primaryimage"},"thumbnailUrl":"https:\/\/microagenciadigital.com.br\/sx\/wp-content\/uploads\/2015\/01\/links-patrocinados.png","datePublished":"2015-01-08T20:19:16+00:00","dateModified":"2024-10-21T20:35:59+00:00","description":"Google Adwords para Micro e Pequenas Empresas. Experimente! Anuncie no Google Adwords e comece a conquistar novos mercados.","breadcrumb":{"@id":"https:\/\/microagenciadigital.com.br\/sx\/servicos\/links-patrocinados-google-adwords\/#breadcrumb"},"inLanguage":"pt-BR","potentialAction":[{"@type":"ReadAction","target":["https:\/\/microagenciadigital.com.br\/sx\/servicos\/links-patrocinados-google-adwords\/"]}]},{"@type":"ImageObject","inLanguage":"pt-BR","@id":"https:\/\/microagenciadigital.com.br\/sx\/servicos\/links-patrocinados-google-adwords\/#primaryimage","url":"https:\/\/microagenciadigital.com.br\/sx\/wp-content\/uploads\/2015\/01\/links-patrocinados.png","contentUrl":"https:\/\/microagenciadigital.com.br\/sx\/wp-content\/uploads\/2015\/01\/links-patrocinados.png","width":300,"height":200,"caption":"Cria\u00e7\u00e3o de logotipos para micro e pequenas empresas."},{"@type":"BreadcrumbList","@id":"https:\/\/microagenciadigital.com.br\/sx\/servicos\/links-patrocinados-google-adwords\/#breadcrumb","itemListElement":[{"@type":"ListItem","position":1,"name":"In\u00edcio","item":"https:\/\/microagenciadigital.com.br\/sx\/"},{"@type":"ListItem","position":2,"name":"Servi\u00e7os","item":"https:\/\/microagenciadigital.com.br\/sx\/servicos\/"},{"@type":"ListItem","position":3,"name":"Google Ads para Microempresas"}]},{"@type":"WebSite","@id":"https:\/\/microagenciadigital.com.br\/sx\/#website","url":"https:\/\/microagenciadigital.com.br\/sx\/","name":"Microagencia Digital SX","description":"Uma microag\u00eancia para micro, pequenas e m\u00e9dias empresas!","potentialAction":[{"@type":"SearchAction","target":{"@type":"EntryPoint","urlTemplate":"https:\/\/microagenciadigital.com.br\/sx\/?s={search_term_string}"},"query-input":"required name=search_term_string"}],"inLanguage":"pt-BR"}]}},"_links":{"self":[{"href":"https:\/\/microagenciadigital.com.br\/sx\/wp-json\/wp\/v2\/pages\/1562"}],"collection":[{"href":"https:\/\/microagenciadigital.com.br\/sx\/wp-json\/wp\/v2\/pages"}],"about":[{"href":"https:\/\/microagenciadigital.com.br\/sx\/wp-json\/wp\/v2\/types\/page"}],"author":[{"embeddable":true,"href":"https:\/\/microagenciadigital.com.br\/sx\/wp-json\/wp\/v2\/users\/1"}],"replies":[{"embeddable":true,"href":"https:\/\/microagenciadigital.com.br\/sx\/wp-json\/wp\/v2\/comments?post=1562"}],"version-history":[{"count":58,"href":"https:\/\/microagenciadigital.com.br\/sx\/wp-json\/wp\/v2\/pages\/1562\/revisions"}],"predecessor-version":[{"id":2092,"href":"https:\/\/microagenciadigital.com.br\/sx\/wp-json\/wp\/v2\/pages\/1562\/revisions\/2092"}],"up":[{"embeddable":true,"href":"https:\/\/microagenciadigital.com.br\/sx\/wp-json\/wp\/v2\/pages\/7"}],"wp:featuredmedia":[{"embeddable":true,"href":"https:\/\/microagenciadigital.com.br\/sx\/wp-json\/wp\/v2\/media\/1745"}],"wp:attachment":[{"href":"https:\/\/microagenciadigital.com.br\/sx\/wp-json\/wp\/v2\/media?parent=1562"}],"curies":[{"name":"wp","href":"https:\/\/api.w.org\/{rel}","templated":true}]}}