{"id":1556,"date":"2015-01-08T20:00:14","date_gmt":"2015-01-08T20:00:14","guid":{"rendered":"http:\/\/microagenciadigital.com.br\/sx\/?page_id=1556"},"modified":"2024-10-21T20:26:32","modified_gmt":"2024-10-21T20:26:32","slug":"identidade-visual","status":"publish","type":"page","link":"https:\/\/microagenciadigital.com.br\/sx\/servicos\/identidade-visual\/","title":{"rendered":"Identidade Visual"},"content":{"rendered":"<h2>Cria\u00e7\u00e3o de Logotipo e Design Gr\u00e1fico<\/h2>\n<p><!--more--><\/p>\n<p style=\"text-align: justify;\">A <strong>cria\u00e7\u00e3o do logotipo<\/strong> \u00e9 o primeiro passo para a constru\u00e7\u00e3o de uma marca memor\u00e1vel e da\u00a0apresenta\u00e7\u00e3o\u00a0profissional de sua empresa. \u00a0Um logotipo (ou logomarca) profissional que sintetiza o nome e a ess\u00eancia de sua marca\u00a0\u00e9 o elemento base para sua apresenta\u00e7\u00e3o no mercado. Pense nas marcas mais reconhecidas e ver\u00e1 que cada uma delas tem um logotipo simples e de f\u00e1cil memoriza\u00e7\u00e3o. Complementam a identidade visual da empresa todos os materiais que levam a sua marca como <strong>banners, flyers, uniformes, cart\u00f5es de visitas, embalagens<\/strong> e outros.<\/p>\n<div class=\"one_fourth\"><img loading=\"lazy\" decoding=\"async\" class=\"alignnone wp-image-1752 size-full\" src=\"http:\/\/microagenciadigital.com.br\/sx\/wp-content\/uploads\/2015\/01\/ana-salles-logo.png\" alt=\"\" width=\"260\" height=\"200\" \/><\/div>\n<div class=\"one_fourth\"><img loading=\"lazy\" decoding=\"async\" class=\"alignnone wp-image-1755 size-full\" src=\"http:\/\/microagenciadigital.com.br\/sx\/wp-content\/uploads\/2015\/01\/origem-sabor-e-saude.png\" alt=\"\" width=\"260\" height=\"200\" \/>\u00a0<\/div>\n<div class=\"one_fourth\"><img loading=\"lazy\" decoding=\"async\" class=\"alignnone wp-image-1754 size-full\" src=\"http:\/\/microagenciadigital.com.br\/sx\/wp-content\/uploads\/2015\/01\/mais-pratica-.png\" alt=\"\" width=\"260\" height=\"200\" \/><\/div>\n<div class=\"one_fourth column-last\"><img loading=\"lazy\" decoding=\"async\" class=\"alignnone wp-image-1753 size-full\" src=\"http:\/\/microagenciadigital.com.br\/sx\/wp-content\/uploads\/2015\/01\/dinamica-inventarios.png\" alt=\"\" width=\"260\" height=\"200\" \/><\/div><div class=\"clear\"><\/div>\n<h3 style=\"text-align: center;\">Comece seu novo neg\u00f3cio com mais profissionalismo:<\/h3>\n<p style=\"text-align: center;\"><a href=\"http:\/\/microagenciadigital.com.br\/sx\/contato\/\" target=\"\" class=\"buttons btn_green \"><span class=\"left\">Solicite um or\u00e7amento<\/span><\/a><\/p>\n<div class=\"divider\"><\/div>\n<h3>Kit Identidade Visual<\/h3>\n<p style=\"text-align: justify;\">Comece seu novo neg\u00f3cio com tudo o que voc\u00ea precisa para apresentar sua empresa no mercado com credibilidade e profissionalismo. Sua identidade visual inclui desde a logomarca at\u00e9 um endere\u00e7o de e-mail profissional (seunome@suaempresa.com.br).<\/p>\n<p style=\"text-align: justify;\">Desenvolvido por designers profissionais, nosso Kit Identidade Visual inclui:<\/p>\n<p style=\"text-align: justify;\"><i class=\"fa fa-arrow-right \" ><\/i> Logomarca (logotipo)<\/p>\n<p style=\"text-align: justify;\"><i class=\"fa fa-arrow-right \" ><\/i>\u00a001 arte base para cart\u00e3o de visitas<\/p>\n<p style=\"text-align: justify;\"><i class=\"fa fa-arrow-right \" ><\/i> Registro de dom\u00ednio (www.suaempresa.com.br)<\/p>\n<p style=\"text-align: justify;\"><i class=\"fa fa-arrow-right \" ><\/i> Cria\u00e7\u00e3o de at\u00e9 3 e-mails corporativos *Custo de Hospedagem Adicional<\/p>\n<p style=\"text-align: justify;\"><i class=\"fa fa-arrow-right \" ><\/i> Cria\u00e7\u00e3o de p\u00e1gina no Google Meu Neg\u00f3cio<\/p>\n<p style=\"text-align: justify;\"><i class=\"fa fa-arrow-right \" ><\/i>\u00a001 Projeto gr\u00e1fico (arte): banner, postal, flyer ou etiqueta (selecione um destes \u00edtens)<\/p>\n<h3>Vantagens de nosso pacote<\/h3>\n<p style=\"text-align: justify;\">Al\u00e9m de ter todo o material de comunica\u00e7\u00e3o (<em>on-line<\/em> e <em>off-line<\/em>) pronto para divulgar seu novo neg\u00f3cio, voc\u00ea ter\u00e1 tudo feito de forma profissional com:<\/p>\n<p style=\"text-align: justify;\"><i class=\"fa fa-arrow-right \" ><\/i> Design exclusivo<\/p>\n<p style=\"text-align: justify;\"><i class=\"fa fa-arrow-right \" ><\/i>\u00a0Todos os \u00edtens com design integrado, valorizando ainda mais sua nova marca<\/p>\n<p style=\"text-align: justify;\"><i class=\"fa fa-arrow-right \" ><\/i> Agilidade na entrega dos arquivos prontos para produ\u00e7\u00e3o gr\u00e1fica<\/p>\n<p style=\"text-align: justify;\"><i class=\"fa fa-arrow-right \" ><\/i> Parcelamento em at\u00e9 06 vezes (sujeito \u00e0 an\u00e1lise de cr\u00e9dito)<\/p>\n<p style=\"text-align: justify;\"><i class=\"fa fa-arrow-right \" ><\/i>\u00a0Produ\u00e7\u00e3o gr\u00e1fica com qualidade e custo acess\u00edvel <strong>(opcional, custo adicional)<\/strong><\/p>\n<h3 style=\"text-align: left;\">Comece agora:<\/h3>\n<p style=\"text-align: left;\"><a href=\"http:\/\/microagenciadigital.com.br\/sx\/contato\/\" target=\"\" class=\"buttons btn_green \"><span class=\"left\">Fale Conosco<\/span><\/a><\/p>\n","protected":false},"excerpt":{"rendered":"<p>Cria\u00e7\u00e3o de Logotipo e Design Gr\u00e1fico<\/p>\n","protected":false},"author":1,"featured_media":1741,"parent":7,"menu_order":0,"comment_status":"closed","ping_status":"closed","template":"","meta":{"footnotes":""},"yoast_head":"<!-- This site is optimized with the Yoast SEO plugin v23.0 - https:\/\/yoast.com\/wordpress\/plugins\/seo\/ -->\n<title>Identidade Visual | Marketing Digital para micro e pequenas empresas.<\/title>\n<meta name=\"description\" content=\"Identidade visual, logomarca e papelaria para micro e pequenas empresas. Webdesign, cria\u00e7\u00e3o de websites e logotipos, an\u00fancios no Google Adwords por profissionais certificados. Profissionalismo com pre\u00e7os acess\u00edveis. Micro franquias. Microagencia Digital Studio Xpress. Seja um representante.\" \/>\n<meta name=\"robots\" content=\"index, follow, max-snippet:-1, max-image-preview:large, max-video-preview:-1\" \/>\n<link rel=\"canonical\" href=\"https:\/\/microagenciadigital.com.br\/sx\/servicos\/identidade-visual\/\" \/>\n<meta property=\"og:locale\" content=\"pt_BR\" \/>\n<meta property=\"og:type\" content=\"article\" \/>\n<meta property=\"og:title\" content=\"Identidade Visual | Marketing Digital para micro e pequenas empresas.\" \/>\n<meta property=\"og:description\" content=\"Identidade visual, logomarca e papelaria para micro e pequenas empresas. Webdesign, cria\u00e7\u00e3o de websites e logotipos, an\u00fancios no Google Adwords por profissionais certificados. Profissionalismo com pre\u00e7os acess\u00edveis. Micro franquias. Microagencia Digital Studio Xpress. Seja um representante.\" \/>\n<meta property=\"og:url\" content=\"https:\/\/microagenciadigital.com.br\/sx\/servicos\/identidade-visual\/\" \/>\n<meta property=\"og:site_name\" content=\"Microagencia Digital SX\" \/>\n<meta property=\"article:modified_time\" content=\"2024-10-21T20:26:32+00:00\" \/>\n<meta property=\"og:image\" content=\"http:\/\/microagenciadigital.com.br\/sx\/wp-content\/uploads\/2015\/01\/identidade-visual.png\" \/>\n\t<meta property=\"og:image:width\" content=\"300\" \/>\n\t<meta property=\"og:image:height\" content=\"200\" \/>\n\t<meta property=\"og:image:type\" content=\"image\/png\" \/>\n<meta name=\"twitter:label1\" content=\"Est. tempo de leitura\" \/>\n\t<meta name=\"twitter:data1\" content=\"3 minutos\" \/>\n<script type=\"application\/ld+json\" class=\"yoast-schema-graph\">{\"@context\":\"https:\/\/schema.org\",\"@graph\":[{\"@type\":\"WebPage\",\"@id\":\"https:\/\/microagenciadigital.com.br\/sx\/servicos\/identidade-visual\/\",\"url\":\"https:\/\/microagenciadigital.com.br\/sx\/servicos\/identidade-visual\/\",\"name\":\"Identidade Visual | Marketing Digital para micro e pequenas empresas.\",\"isPartOf\":{\"@id\":\"https:\/\/microagenciadigital.com.br\/sx\/#website\"},\"primaryImageOfPage\":{\"@id\":\"https:\/\/microagenciadigital.com.br\/sx\/servicos\/identidade-visual\/#primaryimage\"},\"image\":{\"@id\":\"https:\/\/microagenciadigital.com.br\/sx\/servicos\/identidade-visual\/#primaryimage\"},\"thumbnailUrl\":\"https:\/\/microagenciadigital.com.br\/sx\/wp-content\/uploads\/2015\/01\/identidade-visual.png\",\"datePublished\":\"2015-01-08T20:00:14+00:00\",\"dateModified\":\"2024-10-21T20:26:32+00:00\",\"description\":\"Identidade visual, logomarca e papelaria para micro e pequenas empresas. Webdesign, cria\u00e7\u00e3o de websites e logotipos, an\u00fancios no Google Adwords por profissionais certificados. Profissionalismo com pre\u00e7os acess\u00edveis. Micro franquias. Microagencia Digital Studio Xpress. Seja um representante.\",\"breadcrumb\":{\"@id\":\"https:\/\/microagenciadigital.com.br\/sx\/servicos\/identidade-visual\/#breadcrumb\"},\"inLanguage\":\"pt-BR\",\"potentialAction\":[{\"@type\":\"ReadAction\",\"target\":[\"https:\/\/microagenciadigital.com.br\/sx\/servicos\/identidade-visual\/\"]}]},{\"@type\":\"ImageObject\",\"inLanguage\":\"pt-BR\",\"@id\":\"https:\/\/microagenciadigital.com.br\/sx\/servicos\/identidade-visual\/#primaryimage\",\"url\":\"https:\/\/microagenciadigital.com.br\/sx\/wp-content\/uploads\/2015\/01\/identidade-visual.png\",\"contentUrl\":\"https:\/\/microagenciadigital.com.br\/sx\/wp-content\/uploads\/2015\/01\/identidade-visual.png\",\"width\":300,\"height\":200,\"caption\":\"Cria\u00e7\u00e3o de logotipos para micro e pequenas empresas.\"},{\"@type\":\"BreadcrumbList\",\"@id\":\"https:\/\/microagenciadigital.com.br\/sx\/servicos\/identidade-visual\/#breadcrumb\",\"itemListElement\":[{\"@type\":\"ListItem\",\"position\":1,\"name\":\"In\u00edcio\",\"item\":\"https:\/\/microagenciadigital.com.br\/sx\/\"},{\"@type\":\"ListItem\",\"position\":2,\"name\":\"Servi\u00e7os\",\"item\":\"https:\/\/microagenciadigital.com.br\/sx\/servicos\/\"},{\"@type\":\"ListItem\",\"position\":3,\"name\":\"Identidade Visual\"}]},{\"@type\":\"WebSite\",\"@id\":\"https:\/\/microagenciadigital.com.br\/sx\/#website\",\"url\":\"https:\/\/microagenciadigital.com.br\/sx\/\",\"name\":\"Microagencia Digital SX\",\"description\":\"Uma microag\u00eancia para micro, pequenas e m\u00e9dias empresas!\",\"potentialAction\":[{\"@type\":\"SearchAction\",\"target\":{\"@type\":\"EntryPoint\",\"urlTemplate\":\"https:\/\/microagenciadigital.com.br\/sx\/?s={search_term_string}\"},\"query-input\":\"required name=search_term_string\"}],\"inLanguage\":\"pt-BR\"}]}<\/script>\n<!-- \/ Yoast SEO plugin. -->","yoast_head_json":{"title":"Identidade Visual | Marketing Digital para micro e pequenas empresas.","description":"Identidade visual, logomarca e papelaria para micro e pequenas empresas. Webdesign, cria\u00e7\u00e3o de websites e logotipos, an\u00fancios no Google Adwords por profissionais certificados. Profissionalismo com pre\u00e7os acess\u00edveis. Micro franquias. Microagencia Digital Studio Xpress. Seja um representante.","robots":{"index":"index","follow":"follow","max-snippet":"max-snippet:-1","max-image-preview":"max-image-preview:large","max-video-preview":"max-video-preview:-1"},"canonical":"https:\/\/microagenciadigital.com.br\/sx\/servicos\/identidade-visual\/","og_locale":"pt_BR","og_type":"article","og_title":"Identidade Visual | Marketing Digital para micro e pequenas empresas.","og_description":"Identidade visual, logomarca e papelaria para micro e pequenas empresas. Webdesign, cria\u00e7\u00e3o de websites e logotipos, an\u00fancios no Google Adwords por profissionais certificados. Profissionalismo com pre\u00e7os acess\u00edveis. Micro franquias. Microagencia Digital Studio Xpress. Seja um representante.","og_url":"https:\/\/microagenciadigital.com.br\/sx\/servicos\/identidade-visual\/","og_site_name":"Microagencia Digital SX","article_modified_time":"2024-10-21T20:26:32+00:00","og_image":[{"width":300,"height":200,"url":"http:\/\/microagenciadigital.com.br\/sx\/wp-content\/uploads\/2015\/01\/identidade-visual.png","type":"image\/png"}],"twitter_misc":{"Est. tempo de leitura":"3 minutos"},"schema":{"@context":"https:\/\/schema.org","@graph":[{"@type":"WebPage","@id":"https:\/\/microagenciadigital.com.br\/sx\/servicos\/identidade-visual\/","url":"https:\/\/microagenciadigital.com.br\/sx\/servicos\/identidade-visual\/","name":"Identidade Visual | Marketing Digital para micro e pequenas empresas.","isPartOf":{"@id":"https:\/\/microagenciadigital.com.br\/sx\/#website"},"primaryImageOfPage":{"@id":"https:\/\/microagenciadigital.com.br\/sx\/servicos\/identidade-visual\/#primaryimage"},"image":{"@id":"https:\/\/microagenciadigital.com.br\/sx\/servicos\/identidade-visual\/#primaryimage"},"thumbnailUrl":"https:\/\/microagenciadigital.com.br\/sx\/wp-content\/uploads\/2015\/01\/identidade-visual.png","datePublished":"2015-01-08T20:00:14+00:00","dateModified":"2024-10-21T20:26:32+00:00","description":"Identidade visual, logomarca e papelaria para micro e pequenas empresas. Webdesign, cria\u00e7\u00e3o de websites e logotipos, an\u00fancios no Google Adwords por profissionais certificados. Profissionalismo com pre\u00e7os acess\u00edveis. Micro franquias. Microagencia Digital Studio Xpress. Seja um representante.","breadcrumb":{"@id":"https:\/\/microagenciadigital.com.br\/sx\/servicos\/identidade-visual\/#breadcrumb"},"inLanguage":"pt-BR","potentialAction":[{"@type":"ReadAction","target":["https:\/\/microagenciadigital.com.br\/sx\/servicos\/identidade-visual\/"]}]},{"@type":"ImageObject","inLanguage":"pt-BR","@id":"https:\/\/microagenciadigital.com.br\/sx\/servicos\/identidade-visual\/#primaryimage","url":"https:\/\/microagenciadigital.com.br\/sx\/wp-content\/uploads\/2015\/01\/identidade-visual.png","contentUrl":"https:\/\/microagenciadigital.com.br\/sx\/wp-content\/uploads\/2015\/01\/identidade-visual.png","width":300,"height":200,"caption":"Cria\u00e7\u00e3o de logotipos para micro e pequenas empresas."},{"@type":"BreadcrumbList","@id":"https:\/\/microagenciadigital.com.br\/sx\/servicos\/identidade-visual\/#breadcrumb","itemListElement":[{"@type":"ListItem","position":1,"name":"In\u00edcio","item":"https:\/\/microagenciadigital.com.br\/sx\/"},{"@type":"ListItem","position":2,"name":"Servi\u00e7os","item":"https:\/\/microagenciadigital.com.br\/sx\/servicos\/"},{"@type":"ListItem","position":3,"name":"Identidade Visual"}]},{"@type":"WebSite","@id":"https:\/\/microagenciadigital.com.br\/sx\/#website","url":"https:\/\/microagenciadigital.com.br\/sx\/","name":"Microagencia Digital SX","description":"Uma microag\u00eancia para micro, pequenas e m\u00e9dias empresas!","potentialAction":[{"@type":"SearchAction","target":{"@type":"EntryPoint","urlTemplate":"https:\/\/microagenciadigital.com.br\/sx\/?s={search_term_string}"},"query-input":"required name=search_term_string"}],"inLanguage":"pt-BR"}]}},"_links":{"self":[{"href":"https:\/\/microagenciadigital.com.br\/sx\/wp-json\/wp\/v2\/pages\/1556"}],"collection":[{"href":"https:\/\/microagenciadigital.com.br\/sx\/wp-json\/wp\/v2\/pages"}],"about":[{"href":"https:\/\/microagenciadigital.com.br\/sx\/wp-json\/wp\/v2\/types\/page"}],"author":[{"embeddable":true,"href":"https:\/\/microagenciadigital.com.br\/sx\/wp-json\/wp\/v2\/users\/1"}],"replies":[{"embeddable":true,"href":"https:\/\/microagenciadigital.com.br\/sx\/wp-json\/wp\/v2\/comments?post=1556"}],"version-history":[{"count":61,"href":"https:\/\/microagenciadigital.com.br\/sx\/wp-json\/wp\/v2\/pages\/1556\/revisions"}],"predecessor-version":[{"id":2088,"href":"https:\/\/microagenciadigital.com.br\/sx\/wp-json\/wp\/v2\/pages\/1556\/revisions\/2088"}],"up":[{"embeddable":true,"href":"https:\/\/microagenciadigital.com.br\/sx\/wp-json\/wp\/v2\/pages\/7"}],"wp:featuredmedia":[{"embeddable":true,"href":"https:\/\/microagenciadigital.com.br\/sx\/wp-json\/wp\/v2\/media\/1741"}],"wp:attachment":[{"href":"https:\/\/microagenciadigital.com.br\/sx\/wp-json\/wp\/v2\/media?parent=1556"}],"curies":[{"name":"wp","href":"https:\/\/api.w.org\/{rel}","templated":true}]}}