{"id":1543,"date":"2015-01-08T19:28:02","date_gmt":"2015-01-08T19:28:02","guid":{"rendered":"http:\/\/microagenciadigital.com.br\/sx\/?page_id=1543"},"modified":"2024-10-21T20:33:12","modified_gmt":"2024-10-21T20:33:12","slug":"criacao-e-desenvolvimento-de-websites","status":"publish","type":"page","link":"https:\/\/microagenciadigital.com.br\/sx\/servicos\/criacao-e-desenvolvimento-de-websites\/","title":{"rendered":"Cria\u00e7\u00e3o de Websites"},"content":{"rendered":"<h2>Cria\u00e7\u00e3o e Desenvolvimento de Websites<\/h2>\n<p><!--more--><\/p>\n<p style=\"text-align: justify;\">A <strong>cria\u00e7\u00e3o e o desenvolvimento de seu website\u00a0<\/strong>\u00e9 um passo importante para a realiza\u00e7\u00e3o dos objetivos de sua empresa. Ter um website bonito e funcional n\u00e3o \u00e9 um luxo, \u00e9 uma necessidade de mercado, pois impacta sua competitividade e a gera\u00e7\u00e3o de novos neg\u00f3cios. Se voc\u00ea est\u00e1 iniciando um novo neg\u00f3cio ou se reposicionando no mercado, oferecemos pacotes de cria\u00e7\u00e3o e desenvolvimento de websites acess\u00edveis, com design elegante, em plataforma gerenci\u00e1vel (WordPress), que permitem a voc\u00ea ou um colaborador a atualiza\u00e7\u00e3o de forma que seu site cres\u00e7a com o seu neg\u00f3cio.<\/p>\n<h3>Websites Gerenci\u00e1veis\u00a0em WordPress<\/h3>\n<p style=\"text-align: justify;\">Criamos modelos diferenciados\u00a0de <strong>websites em WordPress<\/strong>\u00a0para empresas que n\u00e3o abrem m\u00e3o de qualidade, funcionalidade e eleg\u00e2ncia! Veja um exemplo de website desenvolvido neste pacote.<\/p>\n<h3 style=\"text-align: center;\">Conquiste mais clientes com seu novo website:<\/h3>\n<p style=\"text-align: center;\"><a href=\"http:\/\/microagenciadigital.com.br\/sx\/contato\/\" target=\"\" class=\"buttons btn_green \"><span class=\"left\">Solicite um or\u00e7amento<\/span><\/a><\/p>\n<p><a href=\"http:\/\/microagenciadigital.com.br\/corporativo\/\" target=\"_blank\" rel=\"noopener\"><img loading=\"lazy\" decoding=\"async\" class=\"wp-image-1785 size-medium aligncenter\" src=\"http:\/\/microagenciadigital.com.br\/sx\/wp-content\/uploads\/2015\/09\/tema-corporativo.png\" alt=\"\" width=\"300\" height=\"278\" \/><\/a><\/p>\n<div class=\"divider\"><\/div>\n<h3>Por que investir em\u00a0um website profissional?<\/h3>\n<div class=\"one_half\"><\/p>\n<blockquote><p><strong>80% <\/strong> dos brasileiros entrevistados citaram a internet como a principal fonte de informa\u00e7\u00f5es sobre novos produtos e marcas.<\/p><\/blockquote>\n<p><\/div>\n<div class=\"one_half column-last\"><\/p>\n<blockquote><p><strong>76%<\/strong> dos usu\u00e1rios de internet acessam a rede todos os dias e <strong>67% <\/strong>acessam a rede em busca de informa\u00e7\u00f5es ou not\u00edcias.<\/p><\/blockquote>\n<p><\/div><div class=\"clear\"><\/div>\n<div class=\"divider\"><\/div>\n<h3>Vantagens de nossos pacotes para websites:<\/h3>\n<p><i class=\"fa fa-arrow-right \" ><\/i>\u00a0Pesquisa e registro de dom\u00ednio (Registro.br)<br \/>\n<i class=\"fa fa-arrow-right \" ><\/i> Qualidade no atendimento e agilidade na entrega<br \/>\n<i class=\"fa fa-arrow-right \" ><\/i> Design atrativo e responsivo (multiplataformas: <em>desktop, tablets e smartphones<\/em>)<br \/>\n<i class=\"fa fa-arrow-right \" ><\/i> Integra\u00e7\u00e3o com redes sociais (<em>Facebook, Instagram, LinkedIn<\/em>, outros)<br \/>\n<i class=\"fa fa-arrow-right \" ><\/i> Site entregue otimizado para maior competitividade no Google<br \/>\n<i class=\"fa fa-arrow-right \" ><\/i>\u00a0Integra\u00e7\u00e3o com <em>Google Analytics<\/em> para acompanhamento de resultados<br \/>\n<i class=\"fa fa-arrow-right \" ><\/i>\u00a0Revis\u00e3o de conte\u00fado (seu site livre de erros gramaticais)<br \/>\n<i class=\"fa fa-arrow-right \" ><\/i> Custo adicional: Hospedagem e at\u00e9 03 contas de e-mail<br \/>\n<i class=\"fa fa-arrow-right \" ><\/i> Parcelamento em at\u00e9 12 vezes no cart\u00e3o de cr\u00e9dito*<br \/>\n<i class=\"fa fa-arrow-right \" ><\/i>\u00a0Outros <em>layouts\u00a0<\/em>dispon\u00edveis sob consulta<\/p>\n<p>*<em>sujeito \u00e0 an\u00e1lise de cr\u00e9dito<\/em><\/p>\n<h3 style=\"text-align: left;\">Comece agora:<\/h3>\n<p style=\"text-align: left;\"><a href=\"http:\/\/microagenciadigital.com.br\/sx\/contato\/\" target=\"\" class=\"buttons btn_green \"><span class=\"left\">Fale Conosco<\/span><\/a><\/p>\n","protected":false},"excerpt":{"rendered":"<p>Cria\u00e7\u00e3o e Desenvolvimento de Websites<\/p>\n","protected":false},"author":1,"featured_media":1739,"parent":7,"menu_order":0,"comment_status":"closed","ping_status":"closed","template":"","meta":{"footnotes":""},"yoast_head":"<!-- This site is optimized with the Yoast SEO plugin v23.0 - https:\/\/yoast.com\/wordpress\/plugins\/seo\/ -->\n<title>Marketing Digital :: Cria\u00e7\u00e3o de websites para Microempresas RJ<\/title>\n<meta name=\"description\" content=\"Marketing Digital . Cria\u00e7\u00e3o de websites e logotipos, Google Ads. Pre\u00e7os acess\u00edveis. Micro franquias. Microagencia Digital Studio Xpress.\" \/>\n<meta name=\"robots\" content=\"index, follow, max-snippet:-1, max-image-preview:large, max-video-preview:-1\" \/>\n<link rel=\"canonical\" href=\"https:\/\/microagenciadigital.com.br\/sx\/servicos\/criacao-e-desenvolvimento-de-websites\/\" \/>\n<meta property=\"og:locale\" content=\"pt_BR\" \/>\n<meta property=\"og:type\" content=\"article\" \/>\n<meta property=\"og:title\" content=\"Marketing Digital :: Cria\u00e7\u00e3o de websites para Microempresas RJ\" \/>\n<meta property=\"og:description\" content=\"Marketing Digital . Cria\u00e7\u00e3o de websites e logotipos, Google Ads. Pre\u00e7os acess\u00edveis. Micro franquias. Microagencia Digital Studio Xpress.\" \/>\n<meta property=\"og:url\" content=\"https:\/\/microagenciadigital.com.br\/sx\/servicos\/criacao-e-desenvolvimento-de-websites\/\" \/>\n<meta property=\"og:site_name\" content=\"Microagencia Digital SX\" \/>\n<meta property=\"article:modified_time\" content=\"2024-10-21T20:33:12+00:00\" \/>\n<meta property=\"og:image\" content=\"http:\/\/microagenciadigital.com.br\/sx\/wp-content\/uploads\/2015\/01\/criacao-de-sites.png\" \/>\n\t<meta property=\"og:image:width\" content=\"300\" \/>\n\t<meta property=\"og:image:height\" content=\"200\" \/>\n\t<meta property=\"og:image:type\" content=\"image\/png\" \/>\n<meta name=\"twitter:label1\" content=\"Est. tempo de leitura\" \/>\n\t<meta name=\"twitter:data1\" content=\"2 minutos\" \/>\n<script type=\"application\/ld+json\" class=\"yoast-schema-graph\">{\"@context\":\"https:\/\/schema.org\",\"@graph\":[{\"@type\":\"WebPage\",\"@id\":\"https:\/\/microagenciadigital.com.br\/sx\/servicos\/criacao-e-desenvolvimento-de-websites\/\",\"url\":\"https:\/\/microagenciadigital.com.br\/sx\/servicos\/criacao-e-desenvolvimento-de-websites\/\",\"name\":\"Marketing Digital :: Cria\u00e7\u00e3o de websites para Microempresas RJ\",\"isPartOf\":{\"@id\":\"https:\/\/microagenciadigital.com.br\/sx\/#website\"},\"primaryImageOfPage\":{\"@id\":\"https:\/\/microagenciadigital.com.br\/sx\/servicos\/criacao-e-desenvolvimento-de-websites\/#primaryimage\"},\"image\":{\"@id\":\"https:\/\/microagenciadigital.com.br\/sx\/servicos\/criacao-e-desenvolvimento-de-websites\/#primaryimage\"},\"thumbnailUrl\":\"https:\/\/microagenciadigital.com.br\/sx\/wp-content\/uploads\/2015\/01\/criacao-de-sites.png\",\"datePublished\":\"2015-01-08T19:28:02+00:00\",\"dateModified\":\"2024-10-21T20:33:12+00:00\",\"description\":\"Marketing Digital . Cria\u00e7\u00e3o de websites e logotipos, Google Ads. Pre\u00e7os acess\u00edveis. Micro franquias. Microagencia Digital Studio Xpress.\",\"breadcrumb\":{\"@id\":\"https:\/\/microagenciadigital.com.br\/sx\/servicos\/criacao-e-desenvolvimento-de-websites\/#breadcrumb\"},\"inLanguage\":\"pt-BR\",\"potentialAction\":[{\"@type\":\"ReadAction\",\"target\":[\"https:\/\/microagenciadigital.com.br\/sx\/servicos\/criacao-e-desenvolvimento-de-websites\/\"]}]},{\"@type\":\"ImageObject\",\"inLanguage\":\"pt-BR\",\"@id\":\"https:\/\/microagenciadigital.com.br\/sx\/servicos\/criacao-e-desenvolvimento-de-websites\/#primaryimage\",\"url\":\"https:\/\/microagenciadigital.com.br\/sx\/wp-content\/uploads\/2015\/01\/criacao-de-sites.png\",\"contentUrl\":\"https:\/\/microagenciadigital.com.br\/sx\/wp-content\/uploads\/2015\/01\/criacao-de-sites.png\",\"width\":300,\"height\":200,\"caption\":\"Cria\u00e7\u00e3o de websites para micro e pequenas empresas.\"},{\"@type\":\"BreadcrumbList\",\"@id\":\"https:\/\/microagenciadigital.com.br\/sx\/servicos\/criacao-e-desenvolvimento-de-websites\/#breadcrumb\",\"itemListElement\":[{\"@type\":\"ListItem\",\"position\":1,\"name\":\"In\u00edcio\",\"item\":\"https:\/\/microagenciadigital.com.br\/sx\/\"},{\"@type\":\"ListItem\",\"position\":2,\"name\":\"Servi\u00e7os\",\"item\":\"https:\/\/microagenciadigital.com.br\/sx\/servicos\/\"},{\"@type\":\"ListItem\",\"position\":3,\"name\":\"Cria\u00e7\u00e3o de Websites\"}]},{\"@type\":\"WebSite\",\"@id\":\"https:\/\/microagenciadigital.com.br\/sx\/#website\",\"url\":\"https:\/\/microagenciadigital.com.br\/sx\/\",\"name\":\"Microagencia Digital SX\",\"description\":\"Uma microag\u00eancia para micro, pequenas e m\u00e9dias empresas!\",\"potentialAction\":[{\"@type\":\"SearchAction\",\"target\":{\"@type\":\"EntryPoint\",\"urlTemplate\":\"https:\/\/microagenciadigital.com.br\/sx\/?s={search_term_string}\"},\"query-input\":\"required name=search_term_string\"}],\"inLanguage\":\"pt-BR\"}]}<\/script>\n<!-- \/ Yoast SEO plugin. -->","yoast_head_json":{"title":"Marketing Digital :: Cria\u00e7\u00e3o de websites para Microempresas RJ","description":"Marketing Digital . Cria\u00e7\u00e3o de websites e logotipos, Google Ads. Pre\u00e7os acess\u00edveis. Micro franquias. Microagencia Digital Studio Xpress.","robots":{"index":"index","follow":"follow","max-snippet":"max-snippet:-1","max-image-preview":"max-image-preview:large","max-video-preview":"max-video-preview:-1"},"canonical":"https:\/\/microagenciadigital.com.br\/sx\/servicos\/criacao-e-desenvolvimento-de-websites\/","og_locale":"pt_BR","og_type":"article","og_title":"Marketing Digital :: Cria\u00e7\u00e3o de websites para Microempresas RJ","og_description":"Marketing Digital . Cria\u00e7\u00e3o de websites e logotipos, Google Ads. Pre\u00e7os acess\u00edveis. Micro franquias. Microagencia Digital Studio Xpress.","og_url":"https:\/\/microagenciadigital.com.br\/sx\/servicos\/criacao-e-desenvolvimento-de-websites\/","og_site_name":"Microagencia Digital SX","article_modified_time":"2024-10-21T20:33:12+00:00","og_image":[{"width":300,"height":200,"url":"http:\/\/microagenciadigital.com.br\/sx\/wp-content\/uploads\/2015\/01\/criacao-de-sites.png","type":"image\/png"}],"twitter_misc":{"Est. tempo de leitura":"2 minutos"},"schema":{"@context":"https:\/\/schema.org","@graph":[{"@type":"WebPage","@id":"https:\/\/microagenciadigital.com.br\/sx\/servicos\/criacao-e-desenvolvimento-de-websites\/","url":"https:\/\/microagenciadigital.com.br\/sx\/servicos\/criacao-e-desenvolvimento-de-websites\/","name":"Marketing Digital :: Cria\u00e7\u00e3o de websites para Microempresas RJ","isPartOf":{"@id":"https:\/\/microagenciadigital.com.br\/sx\/#website"},"primaryImageOfPage":{"@id":"https:\/\/microagenciadigital.com.br\/sx\/servicos\/criacao-e-desenvolvimento-de-websites\/#primaryimage"},"image":{"@id":"https:\/\/microagenciadigital.com.br\/sx\/servicos\/criacao-e-desenvolvimento-de-websites\/#primaryimage"},"thumbnailUrl":"https:\/\/microagenciadigital.com.br\/sx\/wp-content\/uploads\/2015\/01\/criacao-de-sites.png","datePublished":"2015-01-08T19:28:02+00:00","dateModified":"2024-10-21T20:33:12+00:00","description":"Marketing Digital . Cria\u00e7\u00e3o de websites e logotipos, Google Ads. Pre\u00e7os acess\u00edveis. Micro franquias. Microagencia Digital Studio Xpress.","breadcrumb":{"@id":"https:\/\/microagenciadigital.com.br\/sx\/servicos\/criacao-e-desenvolvimento-de-websites\/#breadcrumb"},"inLanguage":"pt-BR","potentialAction":[{"@type":"ReadAction","target":["https:\/\/microagenciadigital.com.br\/sx\/servicos\/criacao-e-desenvolvimento-de-websites\/"]}]},{"@type":"ImageObject","inLanguage":"pt-BR","@id":"https:\/\/microagenciadigital.com.br\/sx\/servicos\/criacao-e-desenvolvimento-de-websites\/#primaryimage","url":"https:\/\/microagenciadigital.com.br\/sx\/wp-content\/uploads\/2015\/01\/criacao-de-sites.png","contentUrl":"https:\/\/microagenciadigital.com.br\/sx\/wp-content\/uploads\/2015\/01\/criacao-de-sites.png","width":300,"height":200,"caption":"Cria\u00e7\u00e3o de websites para micro e pequenas empresas."},{"@type":"BreadcrumbList","@id":"https:\/\/microagenciadigital.com.br\/sx\/servicos\/criacao-e-desenvolvimento-de-websites\/#breadcrumb","itemListElement":[{"@type":"ListItem","position":1,"name":"In\u00edcio","item":"https:\/\/microagenciadigital.com.br\/sx\/"},{"@type":"ListItem","position":2,"name":"Servi\u00e7os","item":"https:\/\/microagenciadigital.com.br\/sx\/servicos\/"},{"@type":"ListItem","position":3,"name":"Cria\u00e7\u00e3o de Websites"}]},{"@type":"WebSite","@id":"https:\/\/microagenciadigital.com.br\/sx\/#website","url":"https:\/\/microagenciadigital.com.br\/sx\/","name":"Microagencia Digital SX","description":"Uma microag\u00eancia para micro, pequenas e m\u00e9dias empresas!","potentialAction":[{"@type":"SearchAction","target":{"@type":"EntryPoint","urlTemplate":"https:\/\/microagenciadigital.com.br\/sx\/?s={search_term_string}"},"query-input":"required name=search_term_string"}],"inLanguage":"pt-BR"}]}},"_links":{"self":[{"href":"https:\/\/microagenciadigital.com.br\/sx\/wp-json\/wp\/v2\/pages\/1543"}],"collection":[{"href":"https:\/\/microagenciadigital.com.br\/sx\/wp-json\/wp\/v2\/pages"}],"about":[{"href":"https:\/\/microagenciadigital.com.br\/sx\/wp-json\/wp\/v2\/types\/page"}],"author":[{"embeddable":true,"href":"https:\/\/microagenciadigital.com.br\/sx\/wp-json\/wp\/v2\/users\/1"}],"replies":[{"embeddable":true,"href":"https:\/\/microagenciadigital.com.br\/sx\/wp-json\/wp\/v2\/comments?post=1543"}],"version-history":[{"count":80,"href":"https:\/\/microagenciadigital.com.br\/sx\/wp-json\/wp\/v2\/pages\/1543\/revisions"}],"predecessor-version":[{"id":2091,"href":"https:\/\/microagenciadigital.com.br\/sx\/wp-json\/wp\/v2\/pages\/1543\/revisions\/2091"}],"up":[{"embeddable":true,"href":"https:\/\/microagenciadigital.com.br\/sx\/wp-json\/wp\/v2\/pages\/7"}],"wp:featuredmedia":[{"embeddable":true,"href":"https:\/\/microagenciadigital.com.br\/sx\/wp-json\/wp\/v2\/media\/1739"}],"wp:attachment":[{"href":"https:\/\/microagenciadigital.com.br\/sx\/wp-json\/wp\/v2\/media?parent=1543"}],"curies":[{"name":"wp","href":"https:\/\/api.w.org\/{rel}","templated":true}]}}